{"id":1007,"date":"2022-04-21T16:44:31","date_gmt":"2022-04-21T16:44:31","guid":{"rendered":"https:\/\/www.kyhy.fi\/?page_id=1007"},"modified":"2022-04-21T19:57:36","modified_gmt":"2022-04-21T19:57:36","slug":"maiju-laurila","status":"publish","type":"page","link":"https:\/\/www.kyhy.fi\/index.php\/maiju-laurila\/","title":{"rendered":"Maiju Laurila"},"content":{"rendered":"\n<figure class=\"wp-block-image size-large\"><img loading=\"lazy\" decoding=\"async\" width=\"1024\" height=\"768\" src=\"http:\/\/www.kyhy.fi\/wp-content\/uploads\/2022\/04\/maijulaurila-1024x768.jpg\" alt=\"\" class=\"wp-image-1008\" srcset=\"https:\/\/www.kyhy.fi\/wp-content\/uploads\/2022\/04\/maijulaurila-1024x768.jpg 1024w, https:\/\/www.kyhy.fi\/wp-content\/uploads\/2022\/04\/maijulaurila-300x225.jpg 300w, https:\/\/www.kyhy.fi\/wp-content\/uploads\/2022\/04\/maijulaurila-768x576.jpg 768w, https:\/\/www.kyhy.fi\/wp-content\/uploads\/2022\/04\/maijulaurila-1536x1153.jpg 1536w, https:\/\/www.kyhy.fi\/wp-content\/uploads\/2022\/04\/maijulaurila.jpg 1599w\" sizes=\"(max-width: 767px) 89vw, (max-width: 1000px) 54vw, (max-width: 1071px) 543px, 580px\" \/><\/figure>\n\n\n\n<p>Maiju Laurila &#8211; Filosofian maisteri (musiikkikasvatus), Musiikkipedagogi (amk), Muusikko (ao), Tanssinopettaja (yamk) ohjaa tanssi- ja musiikkituokioita kuten yhteislaulua, tanssia ja monitaiteellisia luovia hetki\u00e4 eri ik\u00e4isille. Lis\u00e4ksi esiintyy yksin ja yhdess\u00e4 ohjaamiensa ryhmien kanssa musisoiden ja tanssien.<br><br><\/p>\n\n\n\n<figure class=\"wp-block-image size-medium\"><img loading=\"lazy\" decoding=\"async\" width=\"225\" height=\"300\" src=\"https:\/\/www.kyhy.fi\/wp-content\/uploads\/2022\/04\/Sa\u0308kkija\u0308rvella\u0308-225x300.jpg\" alt=\"\" class=\"wp-image-1010\" srcset=\"https:\/\/www.kyhy.fi\/wp-content\/uploads\/2022\/04\/Sa\u0308kkija\u0308rvella\u0308-225x300.jpg 225w, https:\/\/www.kyhy.fi\/wp-content\/uploads\/2022\/04\/Sa\u0308kkija\u0308rvella\u0308-768x1024.jpg 768w, https:\/\/www.kyhy.fi\/wp-content\/uploads\/2022\/04\/Sa\u0308kkija\u0308rvella\u0308-1152x1536.jpg 1152w, https:\/\/www.kyhy.fi\/wp-content\/uploads\/2022\/04\/Sa\u0308kkija\u0308rvella\u0308.jpg 1200w\" sizes=\"(max-width: 225px) 100vw, 225px\" \/><\/figure>\n\n\n\n<p><strong>Maiju Laurila<\/strong><br>Puh. 050 5602214<br>laurila.maijuss@gmail.com \u00a0<br>Kouvola <\/p>\n","protected":false},"excerpt":{"rendered":"<p>Maiju Laurila &#8211; Filosofian maisteri (musiikkikasvatus), Musiikkipedagogi (amk), Muusikko (ao), Tanssinopettaja (yamk) ohjaa tanssi- ja musiikkituokioita kuten yhteislaulua, tanssia ja &hellip; <\/p>\n<p class=\"link-more\"><a href=\"https:\/\/www.kyhy.fi\/index.php\/maiju-laurila\/\" class=\"more-link\">Continue reading<span class=\"screen-reader-text\"> &#8221;Maiju Laurila&#8221;<\/span><\/a><\/p>\n","protected":false},"author":2,"featured_media":0,"parent":0,"menu_order":0,"comment_status":"closed","ping_status":"closed","template":"","meta":{"footnotes":""},"_links":{"self":[{"href":"https:\/\/www.kyhy.fi\/index.php\/wp-json\/wp\/v2\/pages\/1007"}],"collection":[{"href":"https:\/\/www.kyhy.fi\/index.php\/wp-json\/wp\/v2\/pages"}],"about":[{"href":"https:\/\/www.kyhy.fi\/index.php\/wp-json\/wp\/v2\/types\/page"}],"author":[{"embeddable":true,"href":"https:\/\/www.kyhy.fi\/index.php\/wp-json\/wp\/v2\/users\/2"}],"replies":[{"embeddable":true,"href":"https:\/\/www.kyhy.fi\/index.php\/wp-json\/wp\/v2\/comments?post=1007"}],"version-history":[{"count":3,"href":"https:\/\/www.kyhy.fi\/index.php\/wp-json\/wp\/v2\/pages\/1007\/revisions"}],"predecessor-version":[{"id":1056,"href":"https:\/\/www.kyhy.fi\/index.php\/wp-json\/wp\/v2\/pages\/1007\/revisions\/1056"}],"wp:attachment":[{"href":"https:\/\/www.kyhy.fi\/index.php\/wp-json\/wp\/v2\/media?parent=1007"}],"curies":[{"name":"wp","href":"https:\/\/api.w.org\/{rel}","templated":true}]}}