{"id":1083,"date":"2022-04-23T07:22:18","date_gmt":"2022-04-23T07:22:18","guid":{"rendered":"https:\/\/www.kyhy.fi\/?page_id=1083"},"modified":"2022-05-11T19:03:51","modified_gmt":"2022-05-11T19:03:51","slug":"voimaa-ikamiesten-arkeen","status":"publish","type":"page","link":"https:\/\/www.kyhy.fi\/index.php\/voimaa-ikamiesten-arkeen\/","title":{"rendered":"Voimaa ik\u00e4miesten arkeen"},"content":{"rendered":"\n<figure class=\"wp-block-image size-large is-style-rounded\"><img loading=\"lazy\" decoding=\"async\" width=\"1004\" height=\"1024\" src=\"https:\/\/www.kyhy.fi\/wp-content\/uploads\/2022\/05\/ikamiehet-1004x1024.jpg\" alt=\"\" class=\"wp-image-1277\" srcset=\"https:\/\/www.kyhy.fi\/wp-content\/uploads\/2022\/05\/ikamiehet-1004x1024.jpg 1004w, https:\/\/www.kyhy.fi\/wp-content\/uploads\/2022\/05\/ikamiehet-294x300.jpg 294w, https:\/\/www.kyhy.fi\/wp-content\/uploads\/2022\/05\/ikamiehet-768x783.jpg 768w, https:\/\/www.kyhy.fi\/wp-content\/uploads\/2022\/05\/ikamiehet-1506x1536.jpg 1506w, https:\/\/www.kyhy.fi\/wp-content\/uploads\/2022\/05\/ikamiehet-2009x2048.jpg 2009w\" sizes=\"(max-width: 767px) 89vw, (max-width: 1000px) 54vw, (max-width: 1071px) 543px, 580px\" \/><\/figure>\n\n\n\n<p><strong>Voimaa ik\u00e4miesten arkeen<\/strong><\/p>\n\n\n\n<p>Voimaa ik\u00e4miesten arkeen on STEA:n rahoittama,&nbsp;<strong><a href=\"https:\/\/www.miinasillanpaa.fi\/hankkeet\/voimaa-ikamiesten-arkeen\/\" data-type=\"URL\" data-id=\"https:\/\/www.miinasillanpaa.fi\/hankkeet\/voimaa-ikamiesten-arkeen\/\" target=\"_blank\" rel=\"noreferrer noopener\">Miina Sillanp\u00e4\u00e4n S\u00e4\u00e4ti\u00f6n<\/a><\/strong>&nbsp;ja&nbsp;<strong><a href=\"https:\/\/socom.fi\/kehittamistyo\/voimaa_ikamiesten_arkeen\/\" data-type=\"URL\" data-id=\"https:\/\/socom.fi\/kehittamistyo\/voimaa_ikamiesten_arkeen\/\" target=\"_blank\" rel=\"noreferrer noopener\">Kaakkois-Suomen sosiaalialan osaamiskeskus Socom Oy:n<\/a><\/strong>&nbsp;yhteinen kolmevuotinen hanke (2021\u20132024). Hankkeen tavoitteena on edist\u00e4\u00e4 yli 60-vuotiaiden miesten el\u00e4m\u00e4nhallintaa, lievitt\u00e4\u00e4 yksin\u00e4isyyden kokemuksia, lis\u00e4t\u00e4 osallisuutta sek\u00e4 kohentaa sosiaalista toimintakyky\u00e4 Etel\u00e4-Karjalan ja Kymenlaakson alueilla.<\/p>\n\n\n\n<p><strong>Toiminta&nbsp;<\/strong><\/p>\n\n\n\n<p>Hankkeen toimintamuotoina on suljettu ja avoin ryhm\u00e4toiminta sek\u00e4 vapaaehtoisvalmennus. Ryhmien toiminta on tarvel\u00e4ht\u00f6ist\u00e4 ja ryhm\u00e4n j\u00e4senet p\u00e4\u00e4sev\u00e4t vaikuttamaan ryhm\u00e4toiminnan sis\u00e4lt\u00f6ihin. Konkreettisina ryhm\u00e4toimintoina voivat t\u00e4ten olla esimerkiksi keskustelutuokiot ryhm\u00e4lle t\u00e4rkeist\u00e4 teemoista, erilaiset ulkona suoritettavat aktiviteetit ja retket, mahdolliset talkooty\u00f6t sek\u00e4 esimerkiksi ruoanlaitto yhdess\u00e4. Toimintaa j\u00e4rjestet\u00e4\u00e4n Etel\u00e4-Karjalan alueella Imatralla ja Luum\u00e4ell\u00e4 sek\u00e4 Kymenlaakson alueella Kotkassa ja Haminassa.<\/p>\n\n\n\n<p><strong>Nina Markkanen<\/strong><br>Hankety\u00f6ntekij\u00e4<br>Voimaa ik\u00e4miesten arkeen -hanke<br>Kaakkois-Suomen sosiaalialan osaamiskeskus Oy Socom<br>Salpaussel\u00e4nkatu 40A, 45100 Kouvola<br>Puh. 050 595 4246<br><a href=\"http:\/\/www.socom.fi\" data-type=\"URL\" data-id=\"www.socom.fi\">www.socom.fi<\/a><br><a href=\"http:\/\/www.facebook.com\/SocomOy\" data-type=\"URL\" data-id=\"www.facebook.com\/SocomOy\">www.facebook.com\/SocomOy<\/a><br><\/p>\n\n\n\n<figure class=\"wp-block-gallery has-nested-images columns-default is-cropped wp-block-gallery-1 is-layout-flex wp-block-gallery-is-layout-flex\"><\/figure>\n","protected":false},"excerpt":{"rendered":"<p>Voimaa ik\u00e4miesten arkeen Voimaa ik\u00e4miesten arkeen on STEA:n rahoittama,&nbsp;Miina Sillanp\u00e4\u00e4n S\u00e4\u00e4ti\u00f6n&nbsp;ja&nbsp;Kaakkois-Suomen sosiaalialan osaamiskeskus Socom Oy:n&nbsp;yhteinen kolmevuotinen hanke (2021\u20132024). Hankkeen tavoitteena &hellip; <\/p>\n<p class=\"link-more\"><a href=\"https:\/\/www.kyhy.fi\/index.php\/voimaa-ikamiesten-arkeen\/\" class=\"more-link\">Continue reading<span class=\"screen-reader-text\"> &#8221;Voimaa ik\u00e4miesten arkeen&#8221;<\/span><\/a><\/p>\n","protected":false},"author":2,"featured_media":0,"parent":0,"menu_order":0,"comment_status":"closed","ping_status":"closed","template":"","meta":{"footnotes":""},"_links":{"self":[{"href":"https:\/\/www.kyhy.fi\/index.php\/wp-json\/wp\/v2\/pages\/1083"}],"collection":[{"href":"https:\/\/www.kyhy.fi\/index.php\/wp-json\/wp\/v2\/pages"}],"about":[{"href":"https:\/\/www.kyhy.fi\/index.php\/wp-json\/wp\/v2\/types\/page"}],"author":[{"embeddable":true,"href":"https:\/\/www.kyhy.fi\/index.php\/wp-json\/wp\/v2\/users\/2"}],"replies":[{"embeddable":true,"href":"https:\/\/www.kyhy.fi\/index.php\/wp-json\/wp\/v2\/comments?post=1083"}],"version-history":[{"count":9,"href":"https:\/\/www.kyhy.fi\/index.php\/wp-json\/wp\/v2\/pages\/1083\/revisions"}],"predecessor-version":[{"id":1287,"href":"https:\/\/www.kyhy.fi\/index.php\/wp-json\/wp\/v2\/pages\/1083\/revisions\/1287"}],"wp:attachment":[{"href":"https:\/\/www.kyhy.fi\/index.php\/wp-json\/wp\/v2\/media?parent=1083"}],"curies":[{"name":"wp","href":"https:\/\/api.w.org\/{rel}","templated":true}]}}