{"id":1105,"date":"2022-04-23T07:37:36","date_gmt":"2022-04-23T07:37:36","guid":{"rendered":"https:\/\/www.kyhy.fi\/?page_id=1105"},"modified":"2024-01-19T13:28:52","modified_gmt":"2024-01-19T13:28:52","slug":"esityksia-2","status":"publish","type":"page","link":"https:\/\/www.kyhy.fi\/index.php\/esityksia-2\/","title":{"rendered":"Esityksi\u00e4"},"content":{"rendered":"\n<p>Aivan kuka tahansa meist\u00e4 <\/p>\n\n\n\n<figure class=\"wp-block-image size-large\"><img loading=\"lazy\" decoding=\"async\" width=\"1024\" height=\"731\" src=\"http:\/\/www.kyhy.fi\/wp-content\/uploads\/2022\/04\/aivankukaKUVA-1024x731.jpg\" alt=\"\" class=\"wp-image-755\" srcset=\"https:\/\/www.kyhy.fi\/wp-content\/uploads\/2022\/04\/aivankukaKUVA-1024x731.jpg 1024w, https:\/\/www.kyhy.fi\/wp-content\/uploads\/2022\/04\/aivankukaKUVA-300x214.jpg 300w, https:\/\/www.kyhy.fi\/wp-content\/uploads\/2022\/04\/aivankukaKUVA-768x548.jpg 768w, https:\/\/www.kyhy.fi\/wp-content\/uploads\/2022\/04\/aivankukaKUVA.jpg 1440w\" sizes=\"(max-width: 767px) 89vw, (max-width: 1000px) 54vw, (max-width: 1071px) 543px, 580px\" \/><\/figure>\n\n\n\n<p class=\"has-small-font-size\"><strong>Aivan kuka tahansa meist\u00e4<\/strong><\/p>\n\n\n\n<p class=\"has-small-font-size\">Kaakon musiikkiteatterin \u201dAivan kuka tahansa meist\u00e4\u201d on esitys p\u00e4ihde-ja mielenterveysongelmista sek\u00e4 asiakkaan ett\u00e4 ty\u00f6ntekij\u00e4n n\u00e4k\u00f6kulmasta. Teksti koostuu runoista ja teksteist\u00e4, jotka on kirjoittanut pitk\u00e4n linjan ammattilainen Minna Suomi. Minna tiet\u00e4\u00e4 mist\u00e4 kirjoittaa. H\u00e4n on psykiatrinen sairaanhoitaja, k\u00e4til\u00f6, ty\u00f6nohjaaja ja kouluttaja. H\u00e4nen ty\u00f6historiansa on mittava, mm. kriisity\u00f6, stoppari, 2D yksikk\u00f6, korvaushoito, avohoito, yleissairaalapsyk. ty\u00f6nohjaaja, kouluttaja. <br><br>Tekstit ovat syntyneet ty\u00f6n her\u00e4tt\u00e4mist\u00e4 tunteista ja tarpeesta sanoa \u00e4\u00e4neen se mink\u00e4 kanssa me kaikki ty\u00f6ss\u00e4mme painimme. Tekstej\u00e4 ja runoja rytmitt\u00e4v\u00e4t lauletut kappaleet mm. Pieni ja hento ote, Yksin\u00e4isen keijun tarina, Sun s\u00e4rky\u00e4 anna m\u00e4 en, Elefantin paino.<br><br>Esitys sopii niin ammattilaisille, opiskelijoille, kuntoutujille, omaisille ja l\u00e4heisille. Kenelle tahansa meist\u00e4.<br>Esityksen kesto 1 h, esityspaikka on muunneltavissa. <\/p>\n\n\n\n<p class=\"has-small-font-size\">Puh. 0400 553707 (Minna)<br>minna.suomi2@gmail.com<\/p>\n\n\n\n<p class=\"has-small-font-size\">Puh. 045 3305081<br>kaakonmusiikkiteatteri@gmail.com <\/p>\n","protected":false},"excerpt":{"rendered":"<p>Aivan kuka tahansa meist\u00e4 Aivan kuka tahansa meist\u00e4 Kaakon musiikkiteatterin \u201dAivan kuka tahansa meist\u00e4\u201d on esitys p\u00e4ihde-ja mielenterveysongelmista sek\u00e4 asiakkaan &hellip; <\/p>\n<p class=\"link-more\"><a href=\"https:\/\/www.kyhy.fi\/index.php\/esityksia-2\/\" class=\"more-link\">Continue reading<span class=\"screen-reader-text\"> &#8221;Esityksi\u00e4&#8221;<\/span><\/a><\/p>\n","protected":false},"author":2,"featured_media":0,"parent":0,"menu_order":0,"comment_status":"closed","ping_status":"closed","template":"","meta":{"footnotes":""},"_links":{"self":[{"href":"https:\/\/www.kyhy.fi\/index.php\/wp-json\/wp\/v2\/pages\/1105"}],"collection":[{"href":"https:\/\/www.kyhy.fi\/index.php\/wp-json\/wp\/v2\/pages"}],"about":[{"href":"https:\/\/www.kyhy.fi\/index.php\/wp-json\/wp\/v2\/types\/page"}],"author":[{"embeddable":true,"href":"https:\/\/www.kyhy.fi\/index.php\/wp-json\/wp\/v2\/users\/2"}],"replies":[{"embeddable":true,"href":"https:\/\/www.kyhy.fi\/index.php\/wp-json\/wp\/v2\/comments?post=1105"}],"version-history":[{"count":2,"href":"https:\/\/www.kyhy.fi\/index.php\/wp-json\/wp\/v2\/pages\/1105\/revisions"}],"predecessor-version":[{"id":2232,"href":"https:\/\/www.kyhy.fi\/index.php\/wp-json\/wp\/v2\/pages\/1105\/revisions\/2232"}],"wp:attachment":[{"href":"https:\/\/www.kyhy.fi\/index.php\/wp-json\/wp\/v2\/media?parent=1105"}],"curies":[{"name":"wp","href":"https:\/\/api.w.org\/{rel}","templated":true}]}}