{"id":1120,"date":"2022-04-24T16:23:44","date_gmt":"2022-04-24T16:23:44","guid":{"rendered":"https:\/\/www.kyhy.fi\/?page_id=1120"},"modified":"2022-04-24T16:23:44","modified_gmt":"2022-04-24T16:23:44","slug":"milja-littow","status":"publish","type":"page","link":"https:\/\/www.kyhy.fi\/index.php\/milja-littow\/","title":{"rendered":"Milja Littow"},"content":{"rendered":"\n<figure class=\"wp-block-image size-medium is-style-default\"><img loading=\"lazy\" decoding=\"async\" width=\"230\" height=\"300\" src=\"https:\/\/www.kyhy.fi\/wp-content\/uploads\/2022\/04\/Milja-230x300.jpg\" alt=\"\" class=\"wp-image-971\" srcset=\"https:\/\/www.kyhy.fi\/wp-content\/uploads\/2022\/04\/Milja-230x300.jpg 230w, https:\/\/www.kyhy.fi\/wp-content\/uploads\/2022\/04\/Milja-784x1024.jpg 784w, https:\/\/www.kyhy.fi\/wp-content\/uploads\/2022\/04\/Milja-768x1003.jpg 768w, https:\/\/www.kyhy.fi\/wp-content\/uploads\/2022\/04\/Milja-1176x1536.jpg 1176w, https:\/\/www.kyhy.fi\/wp-content\/uploads\/2022\/04\/Milja-1568x2048.jpg 1568w, https:\/\/www.kyhy.fi\/wp-content\/uploads\/2022\/04\/Milja-scaled.jpg 1960w\" sizes=\"(max-width: 230px) 100vw, 230px\" \/><\/figure>\n\n\n\n<p><br>Kohtaamistaide<br>Luovien toiminnallisten menetelmien k\u00e4ytt\u00f6 eri yhteis\u00f6iss\u00e4<br>Kulttuurihyvinvoinnin asiantuntijapalvelut <\/p>\n\n\n\n<p><strong>Milja Littow <\/strong><br>Lappeenranta <\/p>\n","protected":false},"excerpt":{"rendered":"<p>KohtaamistaideLuovien toiminnallisten menetelmien k\u00e4ytt\u00f6 eri yhteis\u00f6iss\u00e4Kulttuurihyvinvoinnin asiantuntijapalvelut Milja Littow Lappeenranta<\/p>\n","protected":false},"author":2,"featured_media":0,"parent":0,"menu_order":0,"comment_status":"closed","ping_status":"closed","template":"","meta":{"footnotes":""},"_links":{"self":[{"href":"https:\/\/www.kyhy.fi\/index.php\/wp-json\/wp\/v2\/pages\/1120"}],"collection":[{"href":"https:\/\/www.kyhy.fi\/index.php\/wp-json\/wp\/v2\/pages"}],"about":[{"href":"https:\/\/www.kyhy.fi\/index.php\/wp-json\/wp\/v2\/types\/page"}],"author":[{"embeddable":true,"href":"https:\/\/www.kyhy.fi\/index.php\/wp-json\/wp\/v2\/users\/2"}],"replies":[{"embeddable":true,"href":"https:\/\/www.kyhy.fi\/index.php\/wp-json\/wp\/v2\/comments?post=1120"}],"version-history":[{"count":2,"href":"https:\/\/www.kyhy.fi\/index.php\/wp-json\/wp\/v2\/pages\/1120\/revisions"}],"predecessor-version":[{"id":1122,"href":"https:\/\/www.kyhy.fi\/index.php\/wp-json\/wp\/v2\/pages\/1120\/revisions\/1122"}],"wp:attachment":[{"href":"https:\/\/www.kyhy.fi\/index.php\/wp-json\/wp\/v2\/media?parent=1120"}],"curies":[{"name":"wp","href":"https:\/\/api.w.org\/{rel}","templated":true}]}}