{"id":1139,"date":"2022-04-27T19:10:29","date_gmt":"2022-04-27T19:10:29","guid":{"rendered":"https:\/\/www.kyhy.fi\/?page_id=1139"},"modified":"2022-04-28T03:10:13","modified_gmt":"2022-04-28T03:10:13","slug":"katja-puranen-tanssiliiketerapia-kehonpolku","status":"publish","type":"page","link":"https:\/\/www.kyhy.fi\/index.php\/katja-puranen-tanssiliiketerapia-kehonpolku\/","title":{"rendered":"Katja Puranen Tanssiliiketerapia KehonPolku"},"content":{"rendered":"\n<figure class=\"wp-block-image size-large\"><img loading=\"lazy\" decoding=\"async\" width=\"1024\" height=\"683\" src=\"http:\/\/www.kyhy.fi\/wp-content\/uploads\/2022\/04\/KATJAN-OMA-KUVA-1024x683.jpg\" alt=\"\" class=\"wp-image-1140\" srcset=\"https:\/\/www.kyhy.fi\/wp-content\/uploads\/2022\/04\/KATJAN-OMA-KUVA-1024x683.jpg 1024w, https:\/\/www.kyhy.fi\/wp-content\/uploads\/2022\/04\/KATJAN-OMA-KUVA-300x200.jpg 300w, https:\/\/www.kyhy.fi\/wp-content\/uploads\/2022\/04\/KATJAN-OMA-KUVA-768x512.jpg 768w, https:\/\/www.kyhy.fi\/wp-content\/uploads\/2022\/04\/KATJAN-OMA-KUVA-1536x1024.jpg 1536w, https:\/\/www.kyhy.fi\/wp-content\/uploads\/2022\/04\/KATJAN-OMA-KUVA-2048x1365.jpg 2048w\" sizes=\"(max-width: 767px) 89vw, (max-width: 1000px) 54vw, (max-width: 1071px) 543px, 580px\" \/><\/figure>\n\n\n\n<p>Tanssi-liiketerapia on kuntouttavaa kehon-ja liikkeen psykoterapiaa. Tanssi-liiketerapian kentt\u00e4 on laaja. Kuntoutuksen kohderyhm\u00e4n\u00e4 ovat kaiken ik\u00e4iset erilaiset mielenterveysasiakkaat, vammaispalvelun asiakkaat, erilaiset vuorovaikutushaasteiset asiakkaat, neurologiset ja muut pitk\u00e4aikaissairaat.<br>Lis\u00e4ksi tanssiliiketerapiaa k\u00e4ytet\u00e4\u00e4n mm. erilaisten akuuttien el\u00e4m\u00e4n kriisien hoidossa sek\u00e4 lasten ja nuorten kohdalla monien erilaisten haasteiden \u00e4\u00e4rell\u00e4.<\/p>\n\n\n\n<p>Ammatillisen tanssi-liiketerapiakoulutuksen suorittaneita tanssiliiketerapeutteja ja osaamista voidaan hy\u00f6dynt\u00e4\u00e4 my\u00f6s asiantuntijaroolissa kouluissa, terveydenhuoltoalalla sek\u00e4 sosiaalipalveluissa. Tanssiliiketerapeutit toimivat terapeutin roolin lis\u00e4ksi my\u00f6s laajasti kouluttajan teht\u00e4viss\u00e4 vuorovaikutukseen, kehollisuuteen ja kehomieliyhteyteen liittyviss\u00e4 teemoissa.<\/p>\n\n\n\n<p><strong>Katja Puranen<\/strong><br>Tanssiliiketerapia KehonPolku<br>Puh. 044 5210039<br>twostep@twostep.fi<br>info@kehonpolku.fi<br><a href=\"https:\/\/www.kehonpolku.fi\/\" data-type=\"URL\" data-id=\"https:\/\/www.kehonpolku.fi\/\" target=\"_blank\" rel=\"noreferrer noopener\">www.kehonpolku.fi<\/a>  <br>Lappeenranta <\/p>\n","protected":false},"excerpt":{"rendered":"<p>Tanssi-liiketerapia on kuntouttavaa kehon-ja liikkeen psykoterapiaa. Tanssi-liiketerapian kentt\u00e4 on laaja. Kuntoutuksen kohderyhm\u00e4n\u00e4 ovat kaiken ik\u00e4iset erilaiset mielenterveysasiakkaat, vammaispalvelun asiakkaat, erilaiset &hellip; <\/p>\n<p class=\"link-more\"><a href=\"https:\/\/www.kyhy.fi\/index.php\/katja-puranen-tanssiliiketerapia-kehonpolku\/\" class=\"more-link\">Continue reading<span class=\"screen-reader-text\"> &#8221;Katja Puranen Tanssiliiketerapia KehonPolku&#8221;<\/span><\/a><\/p>\n","protected":false},"author":2,"featured_media":0,"parent":0,"menu_order":0,"comment_status":"closed","ping_status":"closed","template":"","meta":{"footnotes":""},"_links":{"self":[{"href":"https:\/\/www.kyhy.fi\/index.php\/wp-json\/wp\/v2\/pages\/1139"}],"collection":[{"href":"https:\/\/www.kyhy.fi\/index.php\/wp-json\/wp\/v2\/pages"}],"about":[{"href":"https:\/\/www.kyhy.fi\/index.php\/wp-json\/wp\/v2\/types\/page"}],"author":[{"embeddable":true,"href":"https:\/\/www.kyhy.fi\/index.php\/wp-json\/wp\/v2\/users\/2"}],"replies":[{"embeddable":true,"href":"https:\/\/www.kyhy.fi\/index.php\/wp-json\/wp\/v2\/comments?post=1139"}],"version-history":[{"count":6,"href":"https:\/\/www.kyhy.fi\/index.php\/wp-json\/wp\/v2\/pages\/1139\/revisions"}],"predecessor-version":[{"id":1148,"href":"https:\/\/www.kyhy.fi\/index.php\/wp-json\/wp\/v2\/pages\/1139\/revisions\/1148"}],"wp:attachment":[{"href":"https:\/\/www.kyhy.fi\/index.php\/wp-json\/wp\/v2\/media?parent=1139"}],"curies":[{"name":"wp","href":"https:\/\/api.w.org\/{rel}","templated":true}]}}