{"id":1158,"date":"2022-04-29T03:54:51","date_gmt":"2022-04-29T03:54:51","guid":{"rendered":"https:\/\/www.kyhy.fi\/?page_id=1158"},"modified":"2022-04-29T04:00:42","modified_gmt":"2022-04-29T04:00:42","slug":"hannele-jokiranta","status":"publish","type":"page","link":"https:\/\/www.kyhy.fi\/index.php\/hannele-jokiranta\/","title":{"rendered":"Hannele Jokiranta"},"content":{"rendered":"\n<figure class=\"wp-block-image size-large is-resized\"><img decoding=\"async\" src=\"https:\/\/www.kyhy.fi\/wp-content\/uploads\/2022\/04\/hannelekuva-768x1024.jpeg\" alt=\"\" class=\"wp-image-1159\" width=\"476\" srcset=\"https:\/\/www.kyhy.fi\/wp-content\/uploads\/2022\/04\/hannelekuva-768x1024.jpeg 768w, https:\/\/www.kyhy.fi\/wp-content\/uploads\/2022\/04\/hannelekuva-225x300.jpeg 225w, https:\/\/www.kyhy.fi\/wp-content\/uploads\/2022\/04\/hannelekuva-1152x1536.jpeg 1152w, https:\/\/www.kyhy.fi\/wp-content\/uploads\/2022\/04\/hannelekuva-1536x2048.jpeg 1536w, https:\/\/www.kyhy.fi\/wp-content\/uploads\/2022\/04\/hannelekuva-scaled.jpeg 1920w\" sizes=\"(max-width: 767px) 89vw, (max-width: 1000px) 54vw, (max-width: 1071px) 543px, 580px\" \/><\/figure>\n\n\n\n<p>Voimavaravalmentaja, l\u00e4hihoitaja. Erilaisia ty\u00f6skentelymenetelmi\u00e4 kohderyhm\u00e4st\u00e4 tai asiakkaasta riippuen, mm. intuitiivisen maalaamisen ty\u00f6pajat, makramee-ty\u00f6pajat, rentoutukset, mielikuvamatkat.<br><br><strong>Hannele Jokiranta<\/strong><br>Voimasulka Feel &amp; Design<br>Puh. 040 7287091<br>hannele.jokiranta@voimasulka.fi<br>VoimaVintti<br>Taideruukki<br>Kuusankoski<\/p>\n","protected":false},"excerpt":{"rendered":"<p>Voimavaravalmentaja, l\u00e4hihoitaja. Erilaisia ty\u00f6skentelymenetelmi\u00e4 kohderyhm\u00e4st\u00e4 tai asiakkaasta riippuen, mm. intuitiivisen maalaamisen ty\u00f6pajat, makramee-ty\u00f6pajat, rentoutukset, mielikuvamatkat. Hannele JokirantaVoimasulka Feel &amp; DesignPuh. &hellip; <\/p>\n<p class=\"link-more\"><a href=\"https:\/\/www.kyhy.fi\/index.php\/hannele-jokiranta\/\" class=\"more-link\">Continue reading<span class=\"screen-reader-text\"> &#8221;Hannele Jokiranta&#8221;<\/span><\/a><\/p>\n","protected":false},"author":2,"featured_media":0,"parent":0,"menu_order":0,"comment_status":"closed","ping_status":"closed","template":"","meta":{"footnotes":""},"_links":{"self":[{"href":"https:\/\/www.kyhy.fi\/index.php\/wp-json\/wp\/v2\/pages\/1158"}],"collection":[{"href":"https:\/\/www.kyhy.fi\/index.php\/wp-json\/wp\/v2\/pages"}],"about":[{"href":"https:\/\/www.kyhy.fi\/index.php\/wp-json\/wp\/v2\/types\/page"}],"author":[{"embeddable":true,"href":"https:\/\/www.kyhy.fi\/index.php\/wp-json\/wp\/v2\/users\/2"}],"replies":[{"embeddable":true,"href":"https:\/\/www.kyhy.fi\/index.php\/wp-json\/wp\/v2\/comments?post=1158"}],"version-history":[{"count":3,"href":"https:\/\/www.kyhy.fi\/index.php\/wp-json\/wp\/v2\/pages\/1158\/revisions"}],"predecessor-version":[{"id":1166,"href":"https:\/\/www.kyhy.fi\/index.php\/wp-json\/wp\/v2\/pages\/1158\/revisions\/1166"}],"wp:attachment":[{"href":"https:\/\/www.kyhy.fi\/index.php\/wp-json\/wp\/v2\/media?parent=1158"}],"curies":[{"name":"wp","href":"https:\/\/api.w.org\/{rel}","templated":true}]}}