{"id":1167,"date":"2022-05-05T05:43:08","date_gmt":"2022-05-05T05:43:08","guid":{"rendered":"https:\/\/www.kyhy.fi\/?page_id=1167"},"modified":"2022-05-05T05:43:08","modified_gmt":"2022-05-05T05:43:08","slug":"jaakko-ja-juulia","status":"publish","type":"page","link":"https:\/\/www.kyhy.fi\/index.php\/jaakko-ja-juulia\/","title":{"rendered":"Jaakko ja Juulia"},"content":{"rendered":"\n<figure class=\"wp-block-image size-full\"><img loading=\"lazy\" decoding=\"async\" width=\"960\" height=\"959\" src=\"http:\/\/www.kyhy.fi\/wp-content\/uploads\/2022\/05\/JaakkoJuulia.jpg\" alt=\"\" class=\"wp-image-1168\" srcset=\"https:\/\/www.kyhy.fi\/wp-content\/uploads\/2022\/05\/JaakkoJuulia.jpg 960w, https:\/\/www.kyhy.fi\/wp-content\/uploads\/2022\/05\/JaakkoJuulia-300x300.jpg 300w, https:\/\/www.kyhy.fi\/wp-content\/uploads\/2022\/05\/JaakkoJuulia-150x150.jpg 150w, https:\/\/www.kyhy.fi\/wp-content\/uploads\/2022\/05\/JaakkoJuulia-768x767.jpg 768w, https:\/\/www.kyhy.fi\/wp-content\/uploads\/2022\/05\/JaakkoJuulia-100x100.jpg 100w\" sizes=\"(max-width: 767px) 89vw, (max-width: 1000px) 54vw, (max-width: 1071px) 543px, 580px\" \/><\/figure>\n\n\n\n<p>Jaakko ja Juulia soittaa kauneimpia vanhoja suomenkielisi\u00e4 iskelm\u00e4kappaleita vuosien takaa. 50-70 lukujen Laila Kinnusen, Brita Koivusen sek\u00e4 muiden aikansa t\u00e4htien tulkitsemat kappaleet her\u00e4\u00e4v\u00e4t henkiin duo:n herk\u00e4ll\u00e4 ja omintakeisella otteella.\u00a0<br><br>Kahden hengen yhtyeess\u00e4 on monipuolinen soundi, joka syntyy kitaran ja laulun lis\u00e4ksi saksofonista, muista puupuhallinsoittimista, sek\u00e4 erilaisista perkussioista. Akustisena tai vahvistettuna, duomme soi vaivatta ulko- ja sis\u00e4lavoilla, sek\u00e4 pieniss\u00e4 ja suuremmissa esiintymistiloissa. Toivekappaleita voidaan r\u00e4\u00e4t\u00e4l\u00f6id\u00e4 esitykseen tilaajan toiveiden mukaisesti.\u00a0<br><br><strong>Juulia Rihu<\/strong><br>rihujuulia@gmail.com <br>Kouvola <\/p>\n","protected":false},"excerpt":{"rendered":"<p>Jaakko ja Juulia soittaa kauneimpia vanhoja suomenkielisi\u00e4 iskelm\u00e4kappaleita vuosien takaa. 50-70 lukujen Laila Kinnusen, Brita Koivusen sek\u00e4 muiden aikansa t\u00e4htien &hellip; <\/p>\n<p class=\"link-more\"><a href=\"https:\/\/www.kyhy.fi\/index.php\/jaakko-ja-juulia\/\" class=\"more-link\">Continue reading<span class=\"screen-reader-text\"> &#8221;Jaakko ja Juulia&#8221;<\/span><\/a><\/p>\n","protected":false},"author":2,"featured_media":0,"parent":0,"menu_order":0,"comment_status":"closed","ping_status":"closed","template":"","meta":{"footnotes":""},"_links":{"self":[{"href":"https:\/\/www.kyhy.fi\/index.php\/wp-json\/wp\/v2\/pages\/1167"}],"collection":[{"href":"https:\/\/www.kyhy.fi\/index.php\/wp-json\/wp\/v2\/pages"}],"about":[{"href":"https:\/\/www.kyhy.fi\/index.php\/wp-json\/wp\/v2\/types\/page"}],"author":[{"embeddable":true,"href":"https:\/\/www.kyhy.fi\/index.php\/wp-json\/wp\/v2\/users\/2"}],"replies":[{"embeddable":true,"href":"https:\/\/www.kyhy.fi\/index.php\/wp-json\/wp\/v2\/comments?post=1167"}],"version-history":[{"count":1,"href":"https:\/\/www.kyhy.fi\/index.php\/wp-json\/wp\/v2\/pages\/1167\/revisions"}],"predecessor-version":[{"id":1169,"href":"https:\/\/www.kyhy.fi\/index.php\/wp-json\/wp\/v2\/pages\/1167\/revisions\/1169"}],"wp:attachment":[{"href":"https:\/\/www.kyhy.fi\/index.php\/wp-json\/wp\/v2\/media?parent=1167"}],"curies":[{"name":"wp","href":"https:\/\/api.w.org\/{rel}","templated":true}]}}