{"id":1173,"date":"2022-05-07T06:06:01","date_gmt":"2022-05-07T06:06:01","guid":{"rendered":"https:\/\/www.kyhy.fi\/?page_id=1173"},"modified":"2022-05-16T10:40:41","modified_gmt":"2022-05-16T10:40:41","slug":"tanssiryhma-cougars","status":"publish","type":"page","link":"https:\/\/www.kyhy.fi\/index.php\/tanssiryhma-cougars\/","title":{"rendered":"Tanssiryhm\u00e4 Cougars"},"content":{"rendered":"\n<figure class=\"wp-block-image size-full\"><img loading=\"lazy\" decoding=\"async\" width=\"587\" height=\"731\" src=\"http:\/\/www.kyhy.fi\/wp-content\/uploads\/2022\/05\/Cougars.jpg\" alt=\"\" class=\"wp-image-1174\" srcset=\"https:\/\/www.kyhy.fi\/wp-content\/uploads\/2022\/05\/Cougars.jpg 587w, https:\/\/www.kyhy.fi\/wp-content\/uploads\/2022\/05\/Cougars-241x300.jpg 241w\" sizes=\"(max-width: 587px) 100vw, 587px\" \/><\/figure>\n\n\n\n<p><strong>No h\u00e4t\u00e4! <\/strong>Kyll\u00e4 se jalka meill\u00e4 viel\u00e4 kapsaa!\u00a0Aikuisten naisten Tanssiryhm\u00e4 Cougars tarjoaa esityksiss\u00e4\u00e4n huumoria, el\u00e4m\u00e4niloa ja energiaa 10 vuoden kokemuksella Kaakkois-Suomen alueella. <br><br>Tulemme esiintym\u00e4\u00e4n 4-12 hengen kokoonpanolla sopimuksen mukaan. <br><br><strong>Ota yhteytt\u00e4:<\/strong><br>tanssiryhmacougars@gmail.com <\/p>\n","protected":false},"excerpt":{"rendered":"<p>No h\u00e4t\u00e4! Kyll\u00e4 se jalka meill\u00e4 viel\u00e4 kapsaa!\u00a0Aikuisten naisten Tanssiryhm\u00e4 Cougars tarjoaa esityksiss\u00e4\u00e4n huumoria, el\u00e4m\u00e4niloa ja energiaa 10 vuoden kokemuksella &hellip; <\/p>\n<p class=\"link-more\"><a href=\"https:\/\/www.kyhy.fi\/index.php\/tanssiryhma-cougars\/\" class=\"more-link\">Continue reading<span class=\"screen-reader-text\"> &#8221;Tanssiryhm\u00e4 Cougars&#8221;<\/span><\/a><\/p>\n","protected":false},"author":2,"featured_media":0,"parent":0,"menu_order":0,"comment_status":"closed","ping_status":"closed","template":"","meta":{"footnotes":""},"_links":{"self":[{"href":"https:\/\/www.kyhy.fi\/index.php\/wp-json\/wp\/v2\/pages\/1173"}],"collection":[{"href":"https:\/\/www.kyhy.fi\/index.php\/wp-json\/wp\/v2\/pages"}],"about":[{"href":"https:\/\/www.kyhy.fi\/index.php\/wp-json\/wp\/v2\/types\/page"}],"author":[{"embeddable":true,"href":"https:\/\/www.kyhy.fi\/index.php\/wp-json\/wp\/v2\/users\/2"}],"replies":[{"embeddable":true,"href":"https:\/\/www.kyhy.fi\/index.php\/wp-json\/wp\/v2\/comments?post=1173"}],"version-history":[{"count":2,"href":"https:\/\/www.kyhy.fi\/index.php\/wp-json\/wp\/v2\/pages\/1173\/revisions"}],"predecessor-version":[{"id":1308,"href":"https:\/\/www.kyhy.fi\/index.php\/wp-json\/wp\/v2\/pages\/1173\/revisions\/1308"}],"wp:attachment":[{"href":"https:\/\/www.kyhy.fi\/index.php\/wp-json\/wp\/v2\/media?parent=1173"}],"curies":[{"name":"wp","href":"https:\/\/api.w.org\/{rel}","templated":true}]}}