{"id":1257,"date":"2022-05-11T18:09:36","date_gmt":"2022-05-11T18:09:36","guid":{"rendered":"https:\/\/www.kyhy.fi\/?page_id=1257"},"modified":"2022-05-11T18:24:26","modified_gmt":"2022-05-11T18:24:26","slug":"kulttuurihyvinvointi-ylempi-amk","status":"publish","type":"page","link":"https:\/\/www.kyhy.fi\/index.php\/kulttuurihyvinvointi-ylempi-amk\/","title":{"rendered":"Kulttuurihyvinvointi, ylempi AMK"},"content":{"rendered":"\n<p>Kaakkois-Suomen ammattikorkeakoulu Xamkissa voit opiskella Kulttuurihyvinvoinnin YAMK-opinnot. Lis\u00e4tietoa <a href=\"https:\/\/www.xamk.fi\/koulutukset\/kulttuurihyvinvointi\/\" data-type=\"URL\" data-id=\"https:\/\/www.xamk.fi\/koulutukset\/kulttuurihyvinvointi\/\">t\u00e4\u00e4lt\u00e4<\/a>. <br><br>Kulttuurihyvinvoinnin YAMK <a href=\"https:\/\/www.kyhy.fi\/index.php\/opinnaytetyot\/\" data-type=\"URL\" data-id=\"https:\/\/www.kyhy.fi\/index.php\/opinnaytetyot\/\">opinn\u00e4ytet\u00f6it\u00e4<\/a> Kymenlaakson ja Etel\u00e4-Karjalan alueelta. <\/p>\n\n\n\n<figure class=\"wp-block-embed is-type-wp-embed is-provider-xamk wp-block-embed-xamk\"><div class=\"wp-block-embed__wrapper\">\n<blockquote class=\"wp-embedded-content\" data-secret=\"X8pVA1iE60\"><a href=\"https:\/\/www.xamk.fi\/koulutukset\/kulttuurihyvinvointi\/\">Kulttuurihyvinvointi, ylempi AMK<\/a><\/blockquote><iframe class=\"wp-embedded-content\" sandbox=\"allow-scripts\" security=\"restricted\" style=\"position: absolute; clip: rect(1px, 1px, 1px, 1px);\" title=\"&#8221;Kulttuurihyvinvointi, ylempi AMK&#8221; &#8212; Xamk\" src=\"https:\/\/www.xamk.fi\/koulutukset\/kulttuurihyvinvointi\/embed\/#?secret=aVqxrA1QB8#?secret=X8pVA1iE60\" data-secret=\"X8pVA1iE60\" width=\"500\" height=\"282\" frameborder=\"0\" marginwidth=\"0\" marginheight=\"0\" scrolling=\"no\"><\/iframe>\n<\/div><\/figure>\n","protected":false},"excerpt":{"rendered":"<p>Kaakkois-Suomen ammattikorkeakoulu Xamkissa voit opiskella Kulttuurihyvinvoinnin YAMK-opinnot. Lis\u00e4tietoa t\u00e4\u00e4lt\u00e4. Kulttuurihyvinvoinnin YAMK opinn\u00e4ytet\u00f6it\u00e4 Kymenlaakson ja Etel\u00e4-Karjalan alueelta.<\/p>\n","protected":false},"author":2,"featured_media":0,"parent":0,"menu_order":0,"comment_status":"closed","ping_status":"closed","template":"","meta":{"footnotes":""},"_links":{"self":[{"href":"https:\/\/www.kyhy.fi\/index.php\/wp-json\/wp\/v2\/pages\/1257"}],"collection":[{"href":"https:\/\/www.kyhy.fi\/index.php\/wp-json\/wp\/v2\/pages"}],"about":[{"href":"https:\/\/www.kyhy.fi\/index.php\/wp-json\/wp\/v2\/types\/page"}],"author":[{"embeddable":true,"href":"https:\/\/www.kyhy.fi\/index.php\/wp-json\/wp\/v2\/users\/2"}],"replies":[{"embeddable":true,"href":"https:\/\/www.kyhy.fi\/index.php\/wp-json\/wp\/v2\/comments?post=1257"}],"version-history":[{"count":3,"href":"https:\/\/www.kyhy.fi\/index.php\/wp-json\/wp\/v2\/pages\/1257\/revisions"}],"predecessor-version":[{"id":1270,"href":"https:\/\/www.kyhy.fi\/index.php\/wp-json\/wp\/v2\/pages\/1257\/revisions\/1270"}],"wp:attachment":[{"href":"https:\/\/www.kyhy.fi\/index.php\/wp-json\/wp\/v2\/media?parent=1257"}],"curies":[{"name":"wp","href":"https:\/\/api.w.org\/{rel}","templated":true}]}}