{"id":1302,"date":"2022-05-13T05:43:21","date_gmt":"2022-05-13T05:43:21","guid":{"rendered":"https:\/\/www.kyhy.fi\/?page_id=1302"},"modified":"2022-05-13T05:43:21","modified_gmt":"2022-05-13T05:43:21","slug":"visa-voimaa-uusista-kokemuksista","status":"publish","type":"page","link":"https:\/\/www.kyhy.fi\/index.php\/visa-voimaa-uusista-kokemuksista\/","title":{"rendered":"VISA \u2013 Voimaa uusista kokemuksista"},"content":{"rendered":"\n<p>VISA \u2013 Voimaa uusista kokemuksista -hanke on tarkoitettu ty\u00f6el\u00e4m\u00e4n ja koulutuksen ulkopuolella oleville aikuisille, jotka ovat kokeneet kiusaamista. Hankkeen tavoitteena on luovan ja toiminnallisen ryhm\u00e4toiminnan kautta tukea osallistujien vuorovaikutustaitoja ja tarjota korjaavia onnistumisen kokemuksia sek\u00e4 lievent\u00e4\u00e4 kiusaamisen aiheuttamia kielteisi\u00e4 vaikutuksia.<\/p>\n\n\n\n<p>Ryhmiss\u00e4 teemoina mm. tanssi- ja teatteri-ilmaisu, jooga, itsepuolustuslajit, el\u00e4in- ja luontoavusteinen toiminta sek\u00e4 luova kirjoittaminen. Hankkeeseen osallistujat saavat my\u00f6s vaikuttaa ryhmien sis\u00e4lt\u00f6\u00f6n.<\/p>\n\n\n\n<p>Hankkeen ensimm\u00e4iset ryhm\u00e4t alkavat syksyll\u00e4 2022!<\/p>\n\n\n\n<p>Lis\u00e4tietoja: <br><a href=\"mailto:siiri.kivinen@parik.fi\">siiri.kivinen@parik.fi<\/a><br>Puh. 050\u00a0476 2454 <br>Instagram: visahanke  <br><a href=\"https:\/\/www.facebook.com\/VISAhanke\">https:\/\/www.facebook.com\/VISAhanke<\/a> <br><\/p>\n\n\n\n<figure class=\"wp-block-embed is-type-wp-embed is-provider-parik wp-block-embed-parik\"><div class=\"wp-block-embed__wrapper\">\n<blockquote class=\"wp-embedded-content\" data-secret=\"hrcZTWNiOO\"><a href=\"https:\/\/www.parik.fi\/parik-kehittaminen\/visa\/\">VISA -voimaa uusista kokemuksista<\/a><\/blockquote><iframe class=\"wp-embedded-content\" sandbox=\"allow-scripts\" security=\"restricted\" style=\"position: absolute; clip: rect(1px, 1px, 1px, 1px);\" title=\"&#8221;VISA -voimaa uusista kokemuksista&#8221; &#8212; Parik\" src=\"https:\/\/www.parik.fi\/parik-kehittaminen\/visa\/embed\/#?secret=xUC2wJ48dX#?secret=hrcZTWNiOO\" data-secret=\"hrcZTWNiOO\" width=\"500\" height=\"282\" frameborder=\"0\" marginwidth=\"0\" marginheight=\"0\" scrolling=\"no\"><\/iframe>\n<\/div><\/figure>\n\n\n\n<p><\/p>\n","protected":false},"excerpt":{"rendered":"<p>VISA \u2013 Voimaa uusista kokemuksista -hanke on tarkoitettu ty\u00f6el\u00e4m\u00e4n ja koulutuksen ulkopuolella oleville aikuisille, jotka ovat kokeneet kiusaamista. Hankkeen tavoitteena &hellip; <\/p>\n<p class=\"link-more\"><a href=\"https:\/\/www.kyhy.fi\/index.php\/visa-voimaa-uusista-kokemuksista\/\" class=\"more-link\">Continue reading<span class=\"screen-reader-text\"> &#8221;VISA \u2013 Voimaa uusista kokemuksista&#8221;<\/span><\/a><\/p>\n","protected":false},"author":2,"featured_media":0,"parent":0,"menu_order":0,"comment_status":"closed","ping_status":"closed","template":"","meta":{"footnotes":""},"_links":{"self":[{"href":"https:\/\/www.kyhy.fi\/index.php\/wp-json\/wp\/v2\/pages\/1302"}],"collection":[{"href":"https:\/\/www.kyhy.fi\/index.php\/wp-json\/wp\/v2\/pages"}],"about":[{"href":"https:\/\/www.kyhy.fi\/index.php\/wp-json\/wp\/v2\/types\/page"}],"author":[{"embeddable":true,"href":"https:\/\/www.kyhy.fi\/index.php\/wp-json\/wp\/v2\/users\/2"}],"replies":[{"embeddable":true,"href":"https:\/\/www.kyhy.fi\/index.php\/wp-json\/wp\/v2\/comments?post=1302"}],"version-history":[{"count":1,"href":"https:\/\/www.kyhy.fi\/index.php\/wp-json\/wp\/v2\/pages\/1302\/revisions"}],"predecessor-version":[{"id":1303,"href":"https:\/\/www.kyhy.fi\/index.php\/wp-json\/wp\/v2\/pages\/1302\/revisions\/1303"}],"wp:attachment":[{"href":"https:\/\/www.kyhy.fi\/index.php\/wp-json\/wp\/v2\/media?parent=1302"}],"curies":[{"name":"wp","href":"https:\/\/api.w.org\/{rel}","templated":true}]}}