{"id":1315,"date":"2022-07-16T08:58:19","date_gmt":"2022-07-16T08:58:19","guid":{"rendered":"https:\/\/www.kyhy.fi\/?page_id=1315"},"modified":"2022-07-16T08:58:19","modified_gmt":"2022-07-16T08:58:19","slug":"kulttuurityoryhma-tomera","status":"publish","type":"page","link":"https:\/\/www.kyhy.fi\/index.php\/kulttuurityoryhma-tomera\/","title":{"rendered":"Kulttuurity\u00f6ryhm\u00e4 Tomera"},"content":{"rendered":"\n<figure class=\"wp-block-image size-large\"><img loading=\"lazy\" decoding=\"async\" width=\"1024\" height=\"768\" src=\"https:\/\/www.kyhy.fi\/wp-content\/uploads\/2022\/07\/tomera_kuva-1024x768.jpg\" alt=\"\" class=\"wp-image-1316\" srcset=\"https:\/\/www.kyhy.fi\/wp-content\/uploads\/2022\/07\/tomera_kuva-1024x768.jpg 1024w, https:\/\/www.kyhy.fi\/wp-content\/uploads\/2022\/07\/tomera_kuva-300x225.jpg 300w, https:\/\/www.kyhy.fi\/wp-content\/uploads\/2022\/07\/tomera_kuva-768x576.jpg 768w, https:\/\/www.kyhy.fi\/wp-content\/uploads\/2022\/07\/tomera_kuva-1536x1152.jpg 1536w, https:\/\/www.kyhy.fi\/wp-content\/uploads\/2022\/07\/tomera_kuva.jpg 1824w\" sizes=\"(max-width: 767px) 89vw, (max-width: 1000px) 54vw, (max-width: 1071px) 543px, 580px\" \/><\/figure>\n\n\n\n<p>Kulttuurity\u00f6ryhm\u00e4 Tomera tarjoaa osallistavia taidety\u00f6pajoja sosiaali- ja terveyspalvelujen eri kohderyhmille.\u00a0<\/p>\n\n\n\n<p>Tarjoamme osallistavan taiteen ty\u00f6pajapalveluita Etel\u00e4-Karjalassa kunnille, sosiaali- ja terveyspiirille ja yksityisen sektorin toimijoille. Toimintamme perusperiaatteita ovat osallisuuden vahvistaminen ryhm\u00e4ss\u00e4, asiakasl\u00e4ht\u00f6inen toimintatapa ja arjen rikastuttaminen itseilmaisun kautta. Tavoitteenamme on lis\u00e4t\u00e4 ihmisen kokonaisvaltaista hyvinvointia taidel\u00e4ht\u00f6isten menetelmien ja yhdess\u00e4 tekemisen ilon kautta.&nbsp;<\/p>\n\n\n\n<p>Yhteystiedot: <a href=\"mailto:taidetomera@gmail.com\" target=\"_blank\" rel=\"noreferrer noopener\">taidetomera@gmail.com<\/a><\/p>\n","protected":false},"excerpt":{"rendered":"<p>Kulttuurity\u00f6ryhm\u00e4 Tomera tarjoaa osallistavia taidety\u00f6pajoja sosiaali- ja terveyspalvelujen eri kohderyhmille.\u00a0 Tarjoamme osallistavan taiteen ty\u00f6pajapalveluita Etel\u00e4-Karjalassa kunnille, sosiaali- ja terveyspiirille ja &hellip; <\/p>\n<p class=\"link-more\"><a href=\"https:\/\/www.kyhy.fi\/index.php\/kulttuurityoryhma-tomera\/\" class=\"more-link\">Continue reading<span class=\"screen-reader-text\"> &#8221;Kulttuurity\u00f6ryhm\u00e4 Tomera&#8221;<\/span><\/a><\/p>\n","protected":false},"author":2,"featured_media":0,"parent":0,"menu_order":0,"comment_status":"closed","ping_status":"closed","template":"","meta":{"footnotes":""},"_links":{"self":[{"href":"https:\/\/www.kyhy.fi\/index.php\/wp-json\/wp\/v2\/pages\/1315"}],"collection":[{"href":"https:\/\/www.kyhy.fi\/index.php\/wp-json\/wp\/v2\/pages"}],"about":[{"href":"https:\/\/www.kyhy.fi\/index.php\/wp-json\/wp\/v2\/types\/page"}],"author":[{"embeddable":true,"href":"https:\/\/www.kyhy.fi\/index.php\/wp-json\/wp\/v2\/users\/2"}],"replies":[{"embeddable":true,"href":"https:\/\/www.kyhy.fi\/index.php\/wp-json\/wp\/v2\/comments?post=1315"}],"version-history":[{"count":1,"href":"https:\/\/www.kyhy.fi\/index.php\/wp-json\/wp\/v2\/pages\/1315\/revisions"}],"predecessor-version":[{"id":1317,"href":"https:\/\/www.kyhy.fi\/index.php\/wp-json\/wp\/v2\/pages\/1315\/revisions\/1317"}],"wp:attachment":[{"href":"https:\/\/www.kyhy.fi\/index.php\/wp-json\/wp\/v2\/media?parent=1315"}],"curies":[{"name":"wp","href":"https:\/\/api.w.org\/{rel}","templated":true}]}}