{"id":137,"date":"2019-09-25T11:34:55","date_gmt":"2019-09-25T11:34:55","guid":{"rendered":"http:\/\/www.kyhy.fi\/?page_id=137"},"modified":"2022-04-21T13:51:07","modified_gmt":"2022-04-21T13:51:07","slug":"taidetutka","status":"publish","type":"page","link":"https:\/\/www.kyhy.fi\/index.php\/taidetutka\/","title":{"rendered":"Taidetutka"},"content":{"rendered":"\n<figure class=\"wp-block-image size-medium\"><img loading=\"lazy\" decoding=\"async\" width=\"300\" height=\"300\" src=\"https:\/\/www.kyhy.fi\/wp-content\/uploads\/2022\/04\/tama_kuva-300x300.jpg\" alt=\"\" class=\"wp-image-988\" srcset=\"https:\/\/www.kyhy.fi\/wp-content\/uploads\/2022\/04\/tama_kuva-300x300.jpg 300w, https:\/\/www.kyhy.fi\/wp-content\/uploads\/2022\/04\/tama_kuva-150x150.jpg 150w, https:\/\/www.kyhy.fi\/wp-content\/uploads\/2022\/04\/tama_kuva-768x768.jpg 768w, https:\/\/www.kyhy.fi\/wp-content\/uploads\/2022\/04\/tama_kuva-100x100.jpg 100w, https:\/\/www.kyhy.fi\/wp-content\/uploads\/2022\/04\/tama_kuva.jpg 960w\" sizes=\"(max-width: 300px) 100vw, 300px\" \/><figcaption>Sweet home Kuusankoski \u2013 Anthem kotikaupungillemme Kouvolalle on Kuusankosken Musiikkiluokkien 5M-luokan ja opettaja Jenni Salon joulukuussa 2020 valmistama musiikkivideo. Videolla fiittaamassa Kuusankosken Musiikkiluokat 3-6M sek\u00e4 Cuusaa All Stars-bluesband. Kuvan Kouvolan kaupungintalon portailta ottanut Maarit Virtanen. Oppilaiden kanssa kuvassa apulaiskaupunginjohtaja Tuukka Forsell.<\/figcaption><\/figure>\n\n\n\n<p><strong><a rel=\"noreferrer noopener\" href=\"https:\/\/taidetutka.fi\/\" data-type=\"URL\" data-id=\"https:\/\/taidetutka.fi\/\" target=\"_blank\">Verkkolehti Taidetutka<\/a> <\/strong>nostaa esiin taiteen ja kulttuurin uusia rajapintoja, esittelee kiinnostavia toimijoita, tekoja ja ilmi\u00f6it\u00e4 ja syvent\u00e4\u00e4 keskustelua taiteen merkityksist\u00e4. <\/p>\n","protected":false},"excerpt":{"rendered":"<p>Verkkolehti Taidetutka nostaa esiin taiteen ja kulttuurin uusia rajapintoja, esittelee kiinnostavia toimijoita, tekoja ja ilmi\u00f6it\u00e4 ja syvent\u00e4\u00e4 keskustelua taiteen merkityksist\u00e4.<\/p>\n","protected":false},"author":1,"featured_media":0,"parent":0,"menu_order":1,"comment_status":"closed","ping_status":"closed","template":"","meta":{"footnotes":""},"_links":{"self":[{"href":"https:\/\/www.kyhy.fi\/index.php\/wp-json\/wp\/v2\/pages\/137"}],"collection":[{"href":"https:\/\/www.kyhy.fi\/index.php\/wp-json\/wp\/v2\/pages"}],"about":[{"href":"https:\/\/www.kyhy.fi\/index.php\/wp-json\/wp\/v2\/types\/page"}],"author":[{"embeddable":true,"href":"https:\/\/www.kyhy.fi\/index.php\/wp-json\/wp\/v2\/users\/1"}],"replies":[{"embeddable":true,"href":"https:\/\/www.kyhy.fi\/index.php\/wp-json\/wp\/v2\/comments?post=137"}],"version-history":[{"count":6,"href":"https:\/\/www.kyhy.fi\/index.php\/wp-json\/wp\/v2\/pages\/137\/revisions"}],"predecessor-version":[{"id":989,"href":"https:\/\/www.kyhy.fi\/index.php\/wp-json\/wp\/v2\/pages\/137\/revisions\/989"}],"wp:attachment":[{"href":"https:\/\/www.kyhy.fi\/index.php\/wp-json\/wp\/v2\/media?parent=137"}],"curies":[{"name":"wp","href":"https:\/\/api.w.org\/{rel}","templated":true}]}}