{"id":417,"date":"2020-01-15T13:55:35","date_gmt":"2020-01-15T13:55:35","guid":{"rendered":"http:\/\/www.kyhy.fi\/?page_id=417"},"modified":"2023-12-06T22:13:27","modified_gmt":"2023-12-06T22:13:27","slug":"terveytta-kulttuurista-ry","status":"publish","type":"page","link":"https:\/\/www.kyhy.fi\/index.php\/terveytta-kulttuurista-ry\/","title":{"rendered":"Terveytt\u00e4 kulttuurista ry"},"content":{"rendered":"\n<figure class=\"wp-block-image size-full\"><img loading=\"lazy\" decoding=\"async\" width=\"1024\" height=\"683\" src=\"http:\/\/www.kyhy.fi\/wp-content\/uploads\/2022\/04\/242600856_827534234580223_8140657254249986643_n.jpg\" alt=\"\" class=\"wp-image-978\" srcset=\"https:\/\/www.kyhy.fi\/wp-content\/uploads\/2022\/04\/242600856_827534234580223_8140657254249986643_n.jpg 1024w, https:\/\/www.kyhy.fi\/wp-content\/uploads\/2022\/04\/242600856_827534234580223_8140657254249986643_n-300x200.jpg 300w, https:\/\/www.kyhy.fi\/wp-content\/uploads\/2022\/04\/242600856_827534234580223_8140657254249986643_n-768x512.jpg 768w\" sizes=\"(max-width: 767px) 89vw, (max-width: 1000px) 54vw, (max-width: 1071px) 543px, 580px\" \/><\/figure>\n\n\n\n<p><strong><a href=\"https:\/\/www.mielenterveysseurat.fi\/terveyttakulttuurista\/\" data-type=\"URL\" data-id=\"https:\/\/www.mielenterveysseurat.fi\/terveyttakulttuurista\/\" target=\"_blank\" rel=\"noreferrer noopener\">MIELI Terveytt\u00e4 kulttuurista mielenterveysseura ry:n<\/a> <\/strong>toiminnan tarkoitus on edist\u00e4\u00e4 mielen hyvinvointia taiteen ja kulttuurin kautta. Yhdistys ideoi ja kehitt\u00e4\u00e4 <a href=\"https:\/\/mieli.fi\/\" data-type=\"URL\" data-id=\"https:\/\/mieli.fi\/\" target=\"_blank\" rel=\"noreferrer noopener\">MIELI <\/a>ry:n paikallisten j\u00e4senj\u00e4rjest\u00f6jen kulttuuri- ja taidetoimintaa. Tervetuloa mukaan toimintaan! <br><br>teku.sihteeri@gmail.com <\/p>\n","protected":false},"excerpt":{"rendered":"<p>MIELI Terveytt\u00e4 kulttuurista mielenterveysseura ry:n toiminnan tarkoitus on edist\u00e4\u00e4 mielen hyvinvointia taiteen ja kulttuurin kautta. Yhdistys ideoi ja kehitt\u00e4\u00e4 MIELI &hellip; <\/p>\n<p class=\"link-more\"><a href=\"https:\/\/www.kyhy.fi\/index.php\/terveytta-kulttuurista-ry\/\" class=\"more-link\">Continue reading<span class=\"screen-reader-text\"> &#8221;Terveytt\u00e4 kulttuurista ry&#8221;<\/span><\/a><\/p>\n","protected":false},"author":2,"featured_media":0,"parent":0,"menu_order":0,"comment_status":"closed","ping_status":"closed","template":"","meta":{"footnotes":""},"_links":{"self":[{"href":"https:\/\/www.kyhy.fi\/index.php\/wp-json\/wp\/v2\/pages\/417"}],"collection":[{"href":"https:\/\/www.kyhy.fi\/index.php\/wp-json\/wp\/v2\/pages"}],"about":[{"href":"https:\/\/www.kyhy.fi\/index.php\/wp-json\/wp\/v2\/types\/page"}],"author":[{"embeddable":true,"href":"https:\/\/www.kyhy.fi\/index.php\/wp-json\/wp\/v2\/users\/2"}],"replies":[{"embeddable":true,"href":"https:\/\/www.kyhy.fi\/index.php\/wp-json\/wp\/v2\/comments?post=417"}],"version-history":[{"count":5,"href":"https:\/\/www.kyhy.fi\/index.php\/wp-json\/wp\/v2\/pages\/417\/revisions"}],"predecessor-version":[{"id":2105,"href":"https:\/\/www.kyhy.fi\/index.php\/wp-json\/wp\/v2\/pages\/417\/revisions\/2105"}],"wp:attachment":[{"href":"https:\/\/www.kyhy.fi\/index.php\/wp-json\/wp\/v2\/media?parent=417"}],"curies":[{"name":"wp","href":"https:\/\/api.w.org\/{rel}","templated":true}]}}