{"id":438,"date":"2020-01-15T19:55:34","date_gmt":"2020-01-15T19:55:34","guid":{"rendered":"http:\/\/www.kyhy.fi\/?page_id=438"},"modified":"2022-05-11T18:02:39","modified_gmt":"2022-05-11T18:02:39","slug":"toimijoita","status":"publish","type":"page","link":"https:\/\/www.kyhy.fi\/index.php\/toimijoita\/","title":{"rendered":"Toimijoita"},"content":{"rendered":"\n<p><a href=\"https:\/\/www.kyhy.fi\/index.php\/musiikki\/\" data-type=\"URL\" data-id=\"https:\/\/www.kyhy.fi\/index.php\/musiikki\/\">Musiikki<\/a><br><a href=\"https:\/\/www.kyhy.fi\/index.php\/teatteri-ja-draama\/\" data-type=\"URL\" data-id=\"https:\/\/www.kyhy.fi\/index.php\/teatteri-ja-draama\/\">Teatteri ja draama<\/a><br><a href=\"https:\/\/www.kyhy.fi\/index.php\/tanssi-ja-liike\/\" data-type=\"URL\" data-id=\"https:\/\/www.kyhy.fi\/index.php\/tanssi-ja-liike\/\">Tanssi ja liike<\/a><br><a href=\"https:\/\/www.kyhy.fi\/index.php\/kuvataide\/\" data-type=\"URL\" data-id=\"https:\/\/www.kyhy.fi\/index.php\/kuvataide\/\">Kuvataide<\/a><br><a href=\"https:\/\/www.kyhy.fi\/index.php\/kuvataide-ja-valokuva\/\" data-type=\"URL\" data-id=\"https:\/\/www.kyhy.fi\/index.php\/kuvataide-ja-valokuva\/\">Valokuva, video<\/a><br><a href=\"https:\/\/www.kyhy.fi\/index.php\/kasityo-sisustus\/\" data-type=\"URL\" data-id=\"https:\/\/www.kyhy.fi\/index.php\/kasityo-sisustus\/\">K\u00e4sity\u00f6<\/a><br><a href=\"https:\/\/www.kyhy.fi\/index.php\/sanataide-kirjallisuus\/\" data-type=\"URL\" data-id=\"https:\/\/www.kyhy.fi\/index.php\/sanataide-kirjallisuus\/\">Sanataide, kirjallisuus<\/a><br><a href=\"https:\/\/www.kyhy.fi\/index.php\/sirkus\/\" data-type=\"URL\" data-id=\"https:\/\/www.kyhy.fi\/index.php\/sirkus\/\">Sirkus<\/a><br><a href=\"https:\/\/www.kyhy.fi\/index.php\/luovat-menetelmat\/\" data-type=\"URL\" data-id=\"https:\/\/www.kyhy.fi\/index.php\/luovat-menetelmat\/\">Luovat menetelm\u00e4t<\/a><br><a href=\"https:\/\/www.kyhy.fi\/index.php\/kokemustoimintaa-taiteen-keinoin\/\" data-type=\"URL\" data-id=\"https:\/\/www.kyhy.fi\/index.php\/kokemustoimintaa-taiteen-keinoin\/\">Kokemustoimintaa taiteen keinoin<\/a><\/p>\n","protected":false},"excerpt":{"rendered":"<p>MusiikkiTeatteri ja draamaTanssi ja liikeKuvataideValokuva, videoK\u00e4sity\u00f6Sanataide, kirjallisuusSirkusLuovat menetelm\u00e4tKokemustoimintaa taiteen keinoin<\/p>\n","protected":false},"author":2,"featured_media":0,"parent":0,"menu_order":0,"comment_status":"closed","ping_status":"closed","template":"","meta":{"footnotes":""},"_links":{"self":[{"href":"https:\/\/www.kyhy.fi\/index.php\/wp-json\/wp\/v2\/pages\/438"}],"collection":[{"href":"https:\/\/www.kyhy.fi\/index.php\/wp-json\/wp\/v2\/pages"}],"about":[{"href":"https:\/\/www.kyhy.fi\/index.php\/wp-json\/wp\/v2\/types\/page"}],"author":[{"embeddable":true,"href":"https:\/\/www.kyhy.fi\/index.php\/wp-json\/wp\/v2\/users\/2"}],"replies":[{"embeddable":true,"href":"https:\/\/www.kyhy.fi\/index.php\/wp-json\/wp\/v2\/comments?post=438"}],"version-history":[{"count":9,"href":"https:\/\/www.kyhy.fi\/index.php\/wp-json\/wp\/v2\/pages\/438\/revisions"}],"predecessor-version":[{"id":1255,"href":"https:\/\/www.kyhy.fi\/index.php\/wp-json\/wp\/v2\/pages\/438\/revisions\/1255"}],"wp:attachment":[{"href":"https:\/\/www.kyhy.fi\/index.php\/wp-json\/wp\/v2\/media?parent=438"}],"curies":[{"name":"wp","href":"https:\/\/api.w.org\/{rel}","templated":true}]}}