{"id":447,"date":"2020-01-15T20:29:09","date_gmt":"2020-01-15T20:29:09","guid":{"rendered":"http:\/\/www.kyhy.fi\/?page_id=447"},"modified":"2022-04-21T19:59:07","modified_gmt":"2022-04-21T19:59:07","slug":"marko-kivioja","status":"publish","type":"page","link":"https:\/\/www.kyhy.fi\/index.php\/marko-kivioja\/","title":{"rendered":"Marko Kivioja"},"content":{"rendered":"\n<div class=\"wp-block-group is-layout-flow wp-block-group-is-layout-flow\"><div class=\"wp-block-group__inner-container\">\n<figure class=\"wp-block-image size-large\"><img loading=\"lazy\" decoding=\"async\" width=\"768\" height=\"1024\" src=\"http:\/\/www.kyhy.fi\/wp-content\/uploads\/2020\/01\/Kiviojakuva-768x1024.png\" alt=\"\" class=\"wp-image-444\" srcset=\"https:\/\/www.kyhy.fi\/wp-content\/uploads\/2020\/01\/Kiviojakuva-768x1024.png 768w, https:\/\/www.kyhy.fi\/wp-content\/uploads\/2020\/01\/Kiviojakuva-225x300.png 225w, https:\/\/www.kyhy.fi\/wp-content\/uploads\/2020\/01\/Kiviojakuva.png 960w\" sizes=\"(max-width: 767px) 89vw, (max-width: 1000px) 54vw, (max-width: 1071px) 543px, 580px\" \/><\/figure>\n<\/div><\/div>\n\n\n\n<p>Video- ja elokuvaty\u00f6pajat joissa tehd\u00e4\u00e4n tuotos alusta loppuun. R\u00e4\u00e4t\u00e4l\u00f6it\u00e4viss\u00e4 mille tahansa kohderyhm\u00e4lle, ensisijaisesti lapsille ja nuorille.<\/p>\n\n\n\n<p><strong>Marko Kivioja<\/strong><br>MMM-Videoframe25 ry<br>Puh. 040 1496020<br><a href=\"mailto:marko.videoframe@gmail.com\">marko.videoframe@gmail.com<\/a>  <br><a rel=\"noreferrer noopener\" aria-label=\"www.videoframe25.net (avautuu uudessa v\u00e4lilehdess\u00e4)\" href=\"http:\/\/www.videoframe25.net\" target=\"_blank\">www.videoframe25.net<\/a><br><br>Kymen Avopalvelut Oy<br>marko.kivioja@kymenavopalvelut.fi<br><a rel=\"noreferrer noopener\" href=\"http:\/\/www.kymenavopalvelut.fi\/\" data-type=\"URL\" data-id=\"http:\/\/www.kymenavopalvelut.fi\/\" target=\"_blank\">www.kymenavopalvelut.fi <\/a>  <br>Kouvola <\/p>\n","protected":false},"excerpt":{"rendered":"<p>Video- ja elokuvaty\u00f6pajat joissa tehd\u00e4\u00e4n tuotos alusta loppuun. R\u00e4\u00e4t\u00e4l\u00f6it\u00e4viss\u00e4 mille tahansa kohderyhm\u00e4lle, ensisijaisesti lapsille ja nuorille. Marko KiviojaMMM-Videoframe25 ryPuh. 040 &hellip; <\/p>\n<p class=\"link-more\"><a href=\"https:\/\/www.kyhy.fi\/index.php\/marko-kivioja\/\" class=\"more-link\">Continue reading<span class=\"screen-reader-text\"> &#8221;Marko Kivioja&#8221;<\/span><\/a><\/p>\n","protected":false},"author":2,"featured_media":0,"parent":0,"menu_order":0,"comment_status":"closed","ping_status":"closed","template":"","meta":{"footnotes":""},"_links":{"self":[{"href":"https:\/\/www.kyhy.fi\/index.php\/wp-json\/wp\/v2\/pages\/447"}],"collection":[{"href":"https:\/\/www.kyhy.fi\/index.php\/wp-json\/wp\/v2\/pages"}],"about":[{"href":"https:\/\/www.kyhy.fi\/index.php\/wp-json\/wp\/v2\/types\/page"}],"author":[{"embeddable":true,"href":"https:\/\/www.kyhy.fi\/index.php\/wp-json\/wp\/v2\/users\/2"}],"replies":[{"embeddable":true,"href":"https:\/\/www.kyhy.fi\/index.php\/wp-json\/wp\/v2\/comments?post=447"}],"version-history":[{"count":8,"href":"https:\/\/www.kyhy.fi\/index.php\/wp-json\/wp\/v2\/pages\/447\/revisions"}],"predecessor-version":[{"id":1060,"href":"https:\/\/www.kyhy.fi\/index.php\/wp-json\/wp\/v2\/pages\/447\/revisions\/1060"}],"wp:attachment":[{"href":"https:\/\/www.kyhy.fi\/index.php\/wp-json\/wp\/v2\/media?parent=447"}],"curies":[{"name":"wp","href":"https:\/\/api.w.org\/{rel}","templated":true}]}}