{"id":456,"date":"2020-01-15T20:50:09","date_gmt":"2020-01-15T20:50:09","guid":{"rendered":"http:\/\/www.kyhy.fi\/?page_id=456"},"modified":"2022-05-18T10:10:40","modified_gmt":"2022-05-18T10:10:40","slug":"irja-ahtovirta","status":"publish","type":"page","link":"https:\/\/www.kyhy.fi\/index.php\/irja-ahtovirta\/","title":{"rendered":"Irja Ahtovirta"},"content":{"rendered":"\n<figure class=\"wp-block-image size-large is-style-default\"><img loading=\"lazy\" decoding=\"async\" width=\"1024\" height=\"705\" src=\"http:\/\/www.kyhy.fi\/wp-content\/uploads\/2019\/09\/arki1200-1024x705.jpg\" alt=\"Hymyilev\u00e4 vanhempi herrasmies\" class=\"wp-image-327\" srcset=\"https:\/\/www.kyhy.fi\/wp-content\/uploads\/2019\/09\/arki1200-1024x705.jpg 1024w, https:\/\/www.kyhy.fi\/wp-content\/uploads\/2019\/09\/arki1200-300x207.jpg 300w, https:\/\/www.kyhy.fi\/wp-content\/uploads\/2019\/09\/arki1200-768x529.jpg 768w, https:\/\/www.kyhy.fi\/wp-content\/uploads\/2019\/09\/arki1200.jpg 1200w\" sizes=\"(max-width: 767px) 89vw, (max-width: 1000px) 54vw, (max-width: 1071px) 543px, 580px\" \/><\/figure>\n\n\n\n<p>Matkalaukkumuseo, jossa museopedagogi-draamaohjaaja tuo n\u00e4ytille matkalaukullisen vanhoja esineit\u00e4. Katsellaan niit\u00e4 ja jutellaan mieleen tulevista asioista. Voidaan toteuttaa joko yhden p\u00f6yd\u00e4n \u00e4\u00e4reen mahtuvan ryhm\u00e4n kanssa (max.n.10 hl\u00f6) tai yksil\u00f6ty\u00f6n\u00e4 vaikkapa vuoteen vieress\u00e4. Vierailun kesto noin 60 min. Kohderyhm\u00e4 vanhukset, palvelutaloissa tai p\u00e4iv\u00e4keskuksissa.<\/p>\n\n\n\n<p><strong>Irja Ahtovirta\u00a0<\/strong><br>Yleis\u00f6ty\u00f6koordinaattori<br>irja.ahtovirta@kouvola.fi<br><a rel=\"noreferrer noopener\" href=\"https:\/\/www.poikilo.fi\/\" target=\"_blank\">Poikilo-museot &#8211; Poikilo<\/a><br>Kouvola <\/p>\n\n\n\n<p> <\/p>\n","protected":false},"excerpt":{"rendered":"<p>Matkalaukkumuseo, jossa museopedagogi-draamaohjaaja tuo n\u00e4ytille matkalaukullisen vanhoja esineit\u00e4. Katsellaan niit\u00e4 ja jutellaan mieleen tulevista asioista. Voidaan toteuttaa joko yhden p\u00f6yd\u00e4n &hellip; <\/p>\n<p class=\"link-more\"><a href=\"https:\/\/www.kyhy.fi\/index.php\/irja-ahtovirta\/\" class=\"more-link\">Continue reading<span class=\"screen-reader-text\"> &#8221;Irja Ahtovirta&#8221;<\/span><\/a><\/p>\n","protected":false},"author":2,"featured_media":0,"parent":0,"menu_order":0,"comment_status":"closed","ping_status":"closed","template":"","meta":{"footnotes":""},"_links":{"self":[{"href":"https:\/\/www.kyhy.fi\/index.php\/wp-json\/wp\/v2\/pages\/456"}],"collection":[{"href":"https:\/\/www.kyhy.fi\/index.php\/wp-json\/wp\/v2\/pages"}],"about":[{"href":"https:\/\/www.kyhy.fi\/index.php\/wp-json\/wp\/v2\/types\/page"}],"author":[{"embeddable":true,"href":"https:\/\/www.kyhy.fi\/index.php\/wp-json\/wp\/v2\/users\/2"}],"replies":[{"embeddable":true,"href":"https:\/\/www.kyhy.fi\/index.php\/wp-json\/wp\/v2\/comments?post=456"}],"version-history":[{"count":10,"href":"https:\/\/www.kyhy.fi\/index.php\/wp-json\/wp\/v2\/pages\/456\/revisions"}],"predecessor-version":[{"id":1309,"href":"https:\/\/www.kyhy.fi\/index.php\/wp-json\/wp\/v2\/pages\/456\/revisions\/1309"}],"wp:attachment":[{"href":"https:\/\/www.kyhy.fi\/index.php\/wp-json\/wp\/v2\/media?parent=456"}],"curies":[{"name":"wp","href":"https:\/\/api.w.org\/{rel}","templated":true}]}}