{"id":486,"date":"2020-01-20T06:59:38","date_gmt":"2020-01-20T06:59:38","guid":{"rendered":"http:\/\/www.kyhy.fi\/?page_id=486"},"modified":"2022-04-21T20:01:00","modified_gmt":"2022-04-21T20:01:00","slug":"piia-kleimola","status":"publish","type":"page","link":"https:\/\/www.kyhy.fi\/index.php\/piia-kleimola\/","title":{"rendered":"Piia Kleimola"},"content":{"rendered":"\n<figure class=\"wp-block-image size-large\"><img loading=\"lazy\" decoding=\"async\" width=\"1024\" height=\"681\" src=\"http:\/\/www.kyhy.fi\/wp-content\/uploads\/2022\/03\/kuva-128-1-1024x681.jpg\" alt=\"\" class=\"wp-image-609\" srcset=\"https:\/\/www.kyhy.fi\/wp-content\/uploads\/2022\/03\/kuva-128-1-1024x681.jpg 1024w, https:\/\/www.kyhy.fi\/wp-content\/uploads\/2022\/03\/kuva-128-1-300x200.jpg 300w, https:\/\/www.kyhy.fi\/wp-content\/uploads\/2022\/03\/kuva-128-1-768x511.jpg 768w, https:\/\/www.kyhy.fi\/wp-content\/uploads\/2022\/03\/kuva-128-1-1536x1022.jpg 1536w, https:\/\/www.kyhy.fi\/wp-content\/uploads\/2022\/03\/kuva-128-1-2048x1363.jpg 2048w\" sizes=\"(max-width: 767px) 89vw, (max-width: 1000px) 54vw, (max-width: 1071px) 543px, 580px\" \/><\/figure>\n\n\n\n<p>Teatteriohjausten lis\u00e4ksi soveltavat ja osallistavat teatterimenetelm\u00e4t, mm. forum-teatteri ja prosessidraama. Ohjaus, koulutus tai ty\u00f6paja r\u00e4\u00e4t\u00e4l\u00f6id\u00e4\u00e4n tavoitteen mukaisesti.<\/p>\n\n\n\n<p><strong>Piia Kleimola<\/strong><br>Puh. 040 5488016<br>piia.kleimola@toimintavoima.fi<br><a href=\"http:\/\/www.toimintavoima.fi\">www.toimintavoima.fi<\/a> <br>Kouvola <\/p>\n\n\n\n<p><br><strong>Erityislasten- ja nuorten teatteritoiminta<\/strong><\/p>\n\n\n\n<figure class=\"wp-block-image size-medium\"><img loading=\"lazy\" decoding=\"async\" width=\"300\" height=\"200\" src=\"https:\/\/www.kyhy.fi\/wp-content\/uploads\/2022\/04\/Kaislikossa_suhisee_kuva-300x200.jpg\" alt=\"\" class=\"wp-image-805\" srcset=\"https:\/\/www.kyhy.fi\/wp-content\/uploads\/2022\/04\/Kaislikossa_suhisee_kuva-300x200.jpg 300w, https:\/\/www.kyhy.fi\/wp-content\/uploads\/2022\/04\/Kaislikossa_suhisee_kuva-1024x683.jpg 1024w, https:\/\/www.kyhy.fi\/wp-content\/uploads\/2022\/04\/Kaislikossa_suhisee_kuva-768x512.jpg 768w, https:\/\/www.kyhy.fi\/wp-content\/uploads\/2022\/04\/Kaislikossa_suhisee_kuva-1536x1024.jpg 1536w, https:\/\/www.kyhy.fi\/wp-content\/uploads\/2022\/04\/Kaislikossa_suhisee_kuva-2048x1365.jpg 2048w\" sizes=\"(max-width: 300px) 100vw, 300px\" \/><\/figure>\n\n\n\n<p><a rel=\"noreferrer noopener\" href=\"https:\/\/www.theseus.fi\/handle\/10024\/506927\" data-type=\"URL\" data-id=\"https:\/\/www.theseus.fi\/handle\/10024\/506927\" target=\"_blank\">Opinn\u00e4ytety\u00f6<\/a><br><a rel=\"noreferrer noopener\" href=\"https:\/\/drive.google.com\/drive\/folders\/1Tj-a9zpN9MCpZcO4xPpucR3t47MzNogq?usp=sharing\" data-type=\"URL\" data-id=\"https:\/\/drive.google.com\/drive\/folders\/1Tj-a9zpN9MCpZcO4xPpucR3t47MzNogq?usp=sharing\" target=\"_blank\">Ohjaamisen malli<\/a><br><a href=\"https:\/\/youtu.be\/Xg3pRWChZuw\" data-type=\"URL\" data-id=\"https:\/\/youtu.be\/Xg3pRWChZuw\" target=\"_blank\" rel=\"noreferrer noopener\">Video jossa esitell\u00e4\u00e4n oppari ja ohjaamisen malli<\/a><\/p>\n","protected":false},"excerpt":{"rendered":"<p>Teatteriohjausten lis\u00e4ksi soveltavat ja osallistavat teatterimenetelm\u00e4t, mm. forum-teatteri ja prosessidraama. Ohjaus, koulutus tai ty\u00f6paja r\u00e4\u00e4t\u00e4l\u00f6id\u00e4\u00e4n tavoitteen mukaisesti. Piia KleimolaPuh. 040 &hellip; <\/p>\n<p class=\"link-more\"><a href=\"https:\/\/www.kyhy.fi\/index.php\/piia-kleimola\/\" class=\"more-link\">Continue reading<span class=\"screen-reader-text\"> &#8221;Piia Kleimola&#8221;<\/span><\/a><\/p>\n","protected":false},"author":2,"featured_media":0,"parent":0,"menu_order":0,"comment_status":"closed","ping_status":"closed","template":"","meta":{"footnotes":""},"_links":{"self":[{"href":"https:\/\/www.kyhy.fi\/index.php\/wp-json\/wp\/v2\/pages\/486"}],"collection":[{"href":"https:\/\/www.kyhy.fi\/index.php\/wp-json\/wp\/v2\/pages"}],"about":[{"href":"https:\/\/www.kyhy.fi\/index.php\/wp-json\/wp\/v2\/types\/page"}],"author":[{"embeddable":true,"href":"https:\/\/www.kyhy.fi\/index.php\/wp-json\/wp\/v2\/users\/2"}],"replies":[{"embeddable":true,"href":"https:\/\/www.kyhy.fi\/index.php\/wp-json\/wp\/v2\/comments?post=486"}],"version-history":[{"count":10,"href":"https:\/\/www.kyhy.fi\/index.php\/wp-json\/wp\/v2\/pages\/486\/revisions"}],"predecessor-version":[{"id":1311,"href":"https:\/\/www.kyhy.fi\/index.php\/wp-json\/wp\/v2\/pages\/486\/revisions\/1311"}],"wp:attachment":[{"href":"https:\/\/www.kyhy.fi\/index.php\/wp-json\/wp\/v2\/media?parent=486"}],"curies":[{"name":"wp","href":"https:\/\/api.w.org\/{rel}","templated":true}]}}