{"id":510,"date":"2020-01-28T15:57:34","date_gmt":"2020-01-28T15:57:34","guid":{"rendered":"http:\/\/www.kyhy.fi\/?page_id=510"},"modified":"2022-05-13T04:00:36","modified_gmt":"2022-05-13T04:00:36","slug":"musiikki","status":"publish","type":"page","link":"https:\/\/www.kyhy.fi\/index.php\/musiikki\/","title":{"rendered":"Musiikki"},"content":{"rendered":"\n<p><a href=\"https:\/\/www.kyhy.fi\/index.php\/federley-ryynanen\/\" data-type=\"URL\" data-id=\"https:\/\/www.kyhy.fi\/index.php\/federley-ryynanen\/\">Federley Ryyn\u00e4nen<\/a><br><a href=\"https:\/\/www.kyhy.fi\/index.php\/jaakko-ja-juulia\/\" data-type=\"URL\" data-id=\"https:\/\/www.kyhy.fi\/index.php\/jaakko-ja-juulia\/\">Jaakko ja Juulia<\/a> <br><a href=\"https:\/\/www.kyhy.fi\/index.php\/jorce-ja-cece\/\" data-type=\"URL\" data-id=\"https:\/\/www.kyhy.fi\/index.php\/jorce-ja-cece\/\">Jorce ja Cece<\/a><br><a href=\"https:\/\/www.kyhy.fi\/index.php\/julius-keisari\/\" data-type=\"URL\" data-id=\"https:\/\/www.kyhy.fi\/index.php\/julius-keisari\/\">Julius Keisari <\/a> <br><a href=\"https:\/\/www.kyhy.fi\/index.php\/kuusaan-bandi\/\" data-type=\"URL\" data-id=\"https:\/\/www.kyhy.fi\/index.php\/kuusaan-bandi\/\">Kuusaan B\u00e4ndi<\/a><br><a href=\"https:\/\/www.kyhy.fi\/index.php\/maiju-laurila\/\" data-type=\"URL\" data-id=\"https:\/\/www.kyhy.fi\/index.php\/maiju-laurila\/\">Maiju Laurila<\/a><br><a href=\"https:\/\/www.kyhy.fi\/index.php\/juho-latti\/\" data-type=\"URL\" data-id=\"https:\/\/www.kyhy.fi\/index.php\/juho-latti\/\">Juho L\u00e4tti<\/a><br><a href=\"https:\/\/www.kyhy.fi\/index.php\/virve-mattila\/\" data-type=\"URL\" data-id=\"https:\/\/www.kyhy.fi\/index.php\/virve-mattila\/\">Virve Mattila<\/a><br><a href=\"https:\/\/www.kyhy.fi\/index.php\/mariina-niittymaki\/\" data-type=\"URL\" data-id=\"https:\/\/www.kyhy.fi\/index.php\/mariina-niittymaki\/\">Mariina Niittym\u00e4ki <\/a><br><a href=\"https:\/\/www.kyhy.fi\/index.php\/thomas-pryke\/\" data-type=\"URL\" data-id=\"https:\/\/www.kyhy.fi\/index.php\/thomas-pryke\/\">Thomas Pryke<\/a><\/p>\n","protected":false},"excerpt":{"rendered":"<p>Federley Ryyn\u00e4nenJaakko ja Juulia Jorce ja CeceJulius Keisari Kuusaan B\u00e4ndiMaiju LaurilaJuho L\u00e4ttiVirve MattilaMariina Niittym\u00e4ki Thomas Pryke<\/p>\n","protected":false},"author":2,"featured_media":0,"parent":0,"menu_order":0,"comment_status":"closed","ping_status":"closed","template":"","meta":{"footnotes":""},"_links":{"self":[{"href":"https:\/\/www.kyhy.fi\/index.php\/wp-json\/wp\/v2\/pages\/510"}],"collection":[{"href":"https:\/\/www.kyhy.fi\/index.php\/wp-json\/wp\/v2\/pages"}],"about":[{"href":"https:\/\/www.kyhy.fi\/index.php\/wp-json\/wp\/v2\/types\/page"}],"author":[{"embeddable":true,"href":"https:\/\/www.kyhy.fi\/index.php\/wp-json\/wp\/v2\/users\/2"}],"replies":[{"embeddable":true,"href":"https:\/\/www.kyhy.fi\/index.php\/wp-json\/wp\/v2\/comments?post=510"}],"version-history":[{"count":17,"href":"https:\/\/www.kyhy.fi\/index.php\/wp-json\/wp\/v2\/pages\/510\/revisions"}],"predecessor-version":[{"id":1300,"href":"https:\/\/www.kyhy.fi\/index.php\/wp-json\/wp\/v2\/pages\/510\/revisions\/1300"}],"wp:attachment":[{"href":"https:\/\/www.kyhy.fi\/index.php\/wp-json\/wp\/v2\/media?parent=510"}],"curies":[{"name":"wp","href":"https:\/\/api.w.org\/{rel}","templated":true}]}}