{"id":514,"date":"2020-01-28T15:58:06","date_gmt":"2020-01-28T15:58:06","guid":{"rendered":"http:\/\/www.kyhy.fi\/?page_id=514"},"modified":"2022-04-21T16:53:46","modified_gmt":"2022-04-21T16:53:46","slug":"kuvataide-ja-valokuva","status":"publish","type":"page","link":"https:\/\/www.kyhy.fi\/index.php\/kuvataide-ja-valokuva\/","title":{"rendered":"Valokuva, video"},"content":{"rendered":"\n<p><a href=\"https:\/\/www.kyhy.fi\/index.php\/anu-hedborg\/\" data-type=\"URL\" data-id=\"https:\/\/www.kyhy.fi\/index.php\/anu-hedborg\/\">Anu Hedborg<\/a><br><a href=\"https:\/\/www.kyhy.fi\/index.php\/marko-kivioja\/\" data-type=\"URL\" data-id=\"https:\/\/www.kyhy.fi\/index.php\/marko-kivioja\/\">Marko Kivioja<\/a><br><a href=\"https:\/\/www.kyhy.fi\/index.php\/heidi-koskinen-jarvisalo\/\" data-type=\"URL\" data-id=\"https:\/\/www.kyhy.fi\/index.php\/heidi-koskinen-jarvisalo\/\">Heidi Koskinen-J\u00e4rvisalo<\/a><br><a href=\"https:\/\/www.kyhy.fi\/index.php\/marja-seppala\/\" data-type=\"URL\" data-id=\"https:\/\/www.kyhy.fi\/index.php\/marja-seppala\/\">Marja Sepp\u00e4l\u00e4<\/a><\/p>\n","protected":false},"excerpt":{"rendered":"<p>Anu HedborgMarko KiviojaHeidi Koskinen-J\u00e4rvisaloMarja Sepp\u00e4l\u00e4<\/p>\n","protected":false},"author":2,"featured_media":0,"parent":0,"menu_order":0,"comment_status":"closed","ping_status":"closed","template":"","meta":{"footnotes":""},"_links":{"self":[{"href":"https:\/\/www.kyhy.fi\/index.php\/wp-json\/wp\/v2\/pages\/514"}],"collection":[{"href":"https:\/\/www.kyhy.fi\/index.php\/wp-json\/wp\/v2\/pages"}],"about":[{"href":"https:\/\/www.kyhy.fi\/index.php\/wp-json\/wp\/v2\/types\/page"}],"author":[{"embeddable":true,"href":"https:\/\/www.kyhy.fi\/index.php\/wp-json\/wp\/v2\/users\/2"}],"replies":[{"embeddable":true,"href":"https:\/\/www.kyhy.fi\/index.php\/wp-json\/wp\/v2\/comments?post=514"}],"version-history":[{"count":7,"href":"https:\/\/www.kyhy.fi\/index.php\/wp-json\/wp\/v2\/pages\/514\/revisions"}],"predecessor-version":[{"id":1021,"href":"https:\/\/www.kyhy.fi\/index.php\/wp-json\/wp\/v2\/pages\/514\/revisions\/1021"}],"wp:attachment":[{"href":"https:\/\/www.kyhy.fi\/index.php\/wp-json\/wp\/v2\/media?parent=514"}],"curies":[{"name":"wp","href":"https:\/\/api.w.org\/{rel}","templated":true}]}}