{"id":585,"date":"2022-03-26T11:03:57","date_gmt":"2022-03-26T11:03:57","guid":{"rendered":"https:\/\/www.kyhy.fi\/?page_id=585"},"modified":"2022-04-21T19:54:03","modified_gmt":"2022-04-21T19:54:03","slug":"heli-vihersaari-salmi","status":"publish","type":"page","link":"https:\/\/www.kyhy.fi\/index.php\/heli-vihersaari-salmi\/","title":{"rendered":"Heli Vihersaari-Salmi"},"content":{"rendered":"\n<figure class=\"wp-block-image size-full\"><img loading=\"lazy\" decoding=\"async\" width=\"441\" height=\"471\" src=\"http:\/\/www.kyhy.fi\/wp-content\/uploads\/2022\/03\/HVS.jpg\" alt=\"\" class=\"wp-image-584\" srcset=\"https:\/\/www.kyhy.fi\/wp-content\/uploads\/2022\/03\/HVS.jpg 441w, https:\/\/www.kyhy.fi\/wp-content\/uploads\/2022\/03\/HVS-281x300.jpg 281w\" sizes=\"(max-width: 441px) 100vw, 441px\" \/><\/figure>\n\n\n\n<p>Osallistavia kuvataideryhmi\u00e4 ik\u00e4ihmisille sek\u00e4 muille ik\u00e4ryhmille. Tavoitteena onnistumisen el\u00e4mykset pienist\u00e4kin kokeiluista sek\u00e4 yhdess\u00e4 tekemisen ilo. Ohjaus on yksityiskohtaista eik\u00e4 vaadi etuk\u00e4teistaitoja. V\u00e4linein\u00e4 vesiv\u00e4rit, v\u00e4riliidut tai muut v\u00e4lineet toiveiden mukaan.<\/p>\n\n\n\n<p><strong>Heli Vihersaari-Salmi<\/strong><br>Kuvataiteilija YAMK, kuvataideohjaaja<br>Puh. 040 7682671<br>hvihersaari@gmail.com  <br>Kouvola <br><\/p>\n","protected":false},"excerpt":{"rendered":"<p>Osallistavia kuvataideryhmi\u00e4 ik\u00e4ihmisille sek\u00e4 muille ik\u00e4ryhmille. Tavoitteena onnistumisen el\u00e4mykset pienist\u00e4kin kokeiluista sek\u00e4 yhdess\u00e4 tekemisen ilo. Ohjaus on yksityiskohtaista eik\u00e4 vaadi &hellip; <\/p>\n<p class=\"link-more\"><a href=\"https:\/\/www.kyhy.fi\/index.php\/heli-vihersaari-salmi\/\" class=\"more-link\">Continue reading<span class=\"screen-reader-text\"> &#8221;Heli Vihersaari-Salmi&#8221;<\/span><\/a><\/p>\n","protected":false},"author":2,"featured_media":0,"parent":0,"menu_order":0,"comment_status":"closed","ping_status":"closed","template":"","meta":{"footnotes":""},"_links":{"self":[{"href":"https:\/\/www.kyhy.fi\/index.php\/wp-json\/wp\/v2\/pages\/585"}],"collection":[{"href":"https:\/\/www.kyhy.fi\/index.php\/wp-json\/wp\/v2\/pages"}],"about":[{"href":"https:\/\/www.kyhy.fi\/index.php\/wp-json\/wp\/v2\/types\/page"}],"author":[{"embeddable":true,"href":"https:\/\/www.kyhy.fi\/index.php\/wp-json\/wp\/v2\/users\/2"}],"replies":[{"embeddable":true,"href":"https:\/\/www.kyhy.fi\/index.php\/wp-json\/wp\/v2\/comments?post=585"}],"version-history":[{"count":3,"href":"https:\/\/www.kyhy.fi\/index.php\/wp-json\/wp\/v2\/pages\/585\/revisions"}],"predecessor-version":[{"id":1049,"href":"https:\/\/www.kyhy.fi\/index.php\/wp-json\/wp\/v2\/pages\/585\/revisions\/1049"}],"wp:attachment":[{"href":"https:\/\/www.kyhy.fi\/index.php\/wp-json\/wp\/v2\/media?parent=585"}],"curies":[{"name":"wp","href":"https:\/\/api.w.org\/{rel}","templated":true}]}}