{"id":588,"date":"2022-03-26T11:09:33","date_gmt":"2022-03-26T11:09:33","guid":{"rendered":"https:\/\/www.kyhy.fi\/?page_id=588"},"modified":"2022-04-21T19:57:53","modified_gmt":"2022-04-21T19:57:53","slug":"mari-nieminen","status":"publish","type":"page","link":"https:\/\/www.kyhy.fi\/index.php\/mari-nieminen\/","title":{"rendered":"Mari Nieminen"},"content":{"rendered":"\n<figure class=\"wp-block-image size-medium\"><img loading=\"lazy\" decoding=\"async\" width=\"225\" height=\"300\" src=\"https:\/\/www.kyhy.fi\/wp-content\/uploads\/2022\/03\/IMG_20220303_202609-225x300.jpg\" alt=\"\" class=\"wp-image-583\" srcset=\"https:\/\/www.kyhy.fi\/wp-content\/uploads\/2022\/03\/IMG_20220303_202609-225x300.jpg 225w, https:\/\/www.kyhy.fi\/wp-content\/uploads\/2022\/03\/IMG_20220303_202609-768x1024.jpg 768w, https:\/\/www.kyhy.fi\/wp-content\/uploads\/2022\/03\/IMG_20220303_202609-1152x1536.jpg 1152w, https:\/\/www.kyhy.fi\/wp-content\/uploads\/2022\/03\/IMG_20220303_202609-1536x2048.jpg 1536w, https:\/\/www.kyhy.fi\/wp-content\/uploads\/2022\/03\/IMG_20220303_202609-scaled.jpg 1920w\" sizes=\"(max-width: 225px) 100vw, 225px\" \/><\/figure>\n\n\n\n<p>Esit\u00e4n kokemustarinani runojen ja teatterin avulla. Tarinani kertoo l\u00e4heisen menetyksest\u00e4 ja kiltist\u00e4 tyt\u00f6st\u00e4. Psyykkisest\u00e4 sairastumisesta ja toipumisesta. Matkastani h\u00e4pe\u00e4st\u00e4 hyv\u00e4ksynt\u00e4\u00e4n.&nbsp;<\/p>\n\n\n\n<p>Teen my\u00f6s muita kokemusasiantuntijat\u00f6it\u00e4.&nbsp;<\/p>\n\n\n\n<p><strong>Mari Nieminen<\/strong><br>kokemusasiantuntija taiteen keinoin<br><a href=\"mailto:katnieminenmari@gmail.com\">katnieminenmari@gmail.com<\/a>  <br>Kouvola <\/p>\n","protected":false},"excerpt":{"rendered":"<p>Esit\u00e4n kokemustarinani runojen ja teatterin avulla. Tarinani kertoo l\u00e4heisen menetyksest\u00e4 ja kiltist\u00e4 tyt\u00f6st\u00e4. Psyykkisest\u00e4 sairastumisesta ja toipumisesta. Matkastani h\u00e4pe\u00e4st\u00e4 hyv\u00e4ksynt\u00e4\u00e4n.&nbsp; &hellip; <\/p>\n<p class=\"link-more\"><a href=\"https:\/\/www.kyhy.fi\/index.php\/mari-nieminen\/\" class=\"more-link\">Continue reading<span class=\"screen-reader-text\"> &#8221;Mari Nieminen&#8221;<\/span><\/a><\/p>\n","protected":false},"author":2,"featured_media":0,"parent":0,"menu_order":0,"comment_status":"closed","ping_status":"closed","template":"","meta":{"footnotes":""},"_links":{"self":[{"href":"https:\/\/www.kyhy.fi\/index.php\/wp-json\/wp\/v2\/pages\/588"}],"collection":[{"href":"https:\/\/www.kyhy.fi\/index.php\/wp-json\/wp\/v2\/pages"}],"about":[{"href":"https:\/\/www.kyhy.fi\/index.php\/wp-json\/wp\/v2\/types\/page"}],"author":[{"embeddable":true,"href":"https:\/\/www.kyhy.fi\/index.php\/wp-json\/wp\/v2\/users\/2"}],"replies":[{"embeddable":true,"href":"https:\/\/www.kyhy.fi\/index.php\/wp-json\/wp\/v2\/comments?post=588"}],"version-history":[{"count":5,"href":"https:\/\/www.kyhy.fi\/index.php\/wp-json\/wp\/v2\/pages\/588\/revisions"}],"predecessor-version":[{"id":1057,"href":"https:\/\/www.kyhy.fi\/index.php\/wp-json\/wp\/v2\/pages\/588\/revisions\/1057"}],"wp:attachment":[{"href":"https:\/\/www.kyhy.fi\/index.php\/wp-json\/wp\/v2\/media?parent=588"}],"curies":[{"name":"wp","href":"https:\/\/api.w.org\/{rel}","templated":true}]}}