{"id":600,"date":"2022-03-31T19:25:44","date_gmt":"2022-03-31T19:25:44","guid":{"rendered":"https:\/\/www.kyhy.fi\/?page_id=600"},"modified":"2022-04-21T19:56:30","modified_gmt":"2022-04-21T19:56:30","slug":"katariina-hakaniemi","status":"publish","type":"page","link":"https:\/\/www.kyhy.fi\/index.php\/katariina-hakaniemi\/","title":{"rendered":"Katariina Hakaniemi"},"content":{"rendered":"\n<figure class=\"wp-block-image size-medium is-style-default\"><img loading=\"lazy\" decoding=\"async\" width=\"300\" height=\"300\" src=\"https:\/\/www.kyhy.fi\/wp-content\/uploads\/2022\/03\/thumbnail_FB_IMG_1648371002578-300x300.jpg\" alt=\"\" class=\"wp-image-601\" srcset=\"https:\/\/www.kyhy.fi\/wp-content\/uploads\/2022\/03\/thumbnail_FB_IMG_1648371002578-300x300.jpg 300w, https:\/\/www.kyhy.fi\/wp-content\/uploads\/2022\/03\/thumbnail_FB_IMG_1648371002578-150x150.jpg 150w, https:\/\/www.kyhy.fi\/wp-content\/uploads\/2022\/03\/thumbnail_FB_IMG_1648371002578-100x100.jpg 100w, https:\/\/www.kyhy.fi\/wp-content\/uploads\/2022\/03\/thumbnail_FB_IMG_1648371002578.jpg 750w\" sizes=\"(max-width: 300px) 100vw, 300px\" \/><\/figure>\n\n\n\n<p><br>Tmi Katariina Hakaniemi&nbsp;<\/p>\n\n\n\n<p>FM, Kirjallisuusterapiaohjaaja, ratkaisukeskeinen terapeutti, toimittaja ja kirjailija<\/p>\n\n\n\n<p>Tutustu itseesi kirjoittamalla ja keskustelemalla. Tarjoan helposti l\u00e4hestytt\u00e4vi\u00e4 terapeuttisen kirjoittamisen kursseja esimerkiksi ty\u00f6yhteis\u00f6ille, harrastusryhmille ja palvelutaloihin. Kurssi voi olla yhden illan, viikonlopun tai esimeriksi 10 kerran mittainen. Kuuntelen mielell\u00e4ni toiveita teemasta ja r\u00e4\u00e4t\u00e4l\u00f6in kurssin sen mukaan.&nbsp;<\/p>\n\n\n\n<p><strong>Katariina Hakaniemi <\/strong><br>Puh. 040 5871113<br>katariina.hakaniemi@hotmail.com<br>Lis\u00e4tietoja www.kirjallisuusterapia.net <br>Kouvola <\/p>\n","protected":false},"excerpt":{"rendered":"<p>Tmi Katariina Hakaniemi&nbsp; FM, Kirjallisuusterapiaohjaaja, ratkaisukeskeinen terapeutti, toimittaja ja kirjailija Tutustu itseesi kirjoittamalla ja keskustelemalla. Tarjoan helposti l\u00e4hestytt\u00e4vi\u00e4 terapeuttisen kirjoittamisen &hellip; <\/p>\n<p class=\"link-more\"><a href=\"https:\/\/www.kyhy.fi\/index.php\/katariina-hakaniemi\/\" class=\"more-link\">Continue reading<span class=\"screen-reader-text\"> &#8221;Katariina Hakaniemi&#8221;<\/span><\/a><\/p>\n","protected":false},"author":2,"featured_media":0,"parent":0,"menu_order":0,"comment_status":"closed","ping_status":"closed","template":"","meta":{"footnotes":""},"_links":{"self":[{"href":"https:\/\/www.kyhy.fi\/index.php\/wp-json\/wp\/v2\/pages\/600"}],"collection":[{"href":"https:\/\/www.kyhy.fi\/index.php\/wp-json\/wp\/v2\/pages"}],"about":[{"href":"https:\/\/www.kyhy.fi\/index.php\/wp-json\/wp\/v2\/types\/page"}],"author":[{"embeddable":true,"href":"https:\/\/www.kyhy.fi\/index.php\/wp-json\/wp\/v2\/users\/2"}],"replies":[{"embeddable":true,"href":"https:\/\/www.kyhy.fi\/index.php\/wp-json\/wp\/v2\/comments?post=600"}],"version-history":[{"count":5,"href":"https:\/\/www.kyhy.fi\/index.php\/wp-json\/wp\/v2\/pages\/600\/revisions"}],"predecessor-version":[{"id":1054,"href":"https:\/\/www.kyhy.fi\/index.php\/wp-json\/wp\/v2\/pages\/600\/revisions\/1054"}],"wp:attachment":[{"href":"https:\/\/www.kyhy.fi\/index.php\/wp-json\/wp\/v2\/media?parent=600"}],"curies":[{"name":"wp","href":"https:\/\/api.w.org\/{rel}","templated":true}]}}