{"id":66,"date":"2019-09-25T11:16:26","date_gmt":"2019-09-25T11:16:26","guid":{"rendered":"http:\/\/www.kyhy.fi\/?page_id=66"},"modified":"2024-01-19T13:42:19","modified_gmt":"2024-01-19T13:42:19","slug":"koulutuksia","status":"publish","type":"page","link":"https:\/\/www.kyhy.fi\/index.php\/ajankohtaista\/koulutuksia\/","title":{"rendered":"Koulutuksia"},"content":{"rendered":"\n<p>Kulttuurihyvinvointi on ilmi\u00f6n\u00e4 laaja toiminnan, kouluttamisen, kehitt\u00e4misen ja tutkimuksen muodostama kokonaisuus. Kulttuurihyvinvoinnin toteuttamisessa korostuu taide- ja kulttuuritoimijoiden ammattimainen ja pitk\u00e4j\u00e4nteinen yhteisty\u00f6 muiden toimialojen kanssa.<\/p>\n\n\n\n<p>ITSEOPISKELU Taikusyd\u00e4men <a href=\"https:\/\/taikusydan.turkuamk.fi\/yleinen\/verkkokurssi-kulttuurihyvinvoinnista\/\" data-type=\"link\" data-id=\"https:\/\/taikusydan.turkuamk.fi\/yleinen\/verkkokurssi-kulttuurihyvinvoinnista\/\" target=\"_blank\" rel=\"noreferrer noopener\">kulttuurihyvinvoinnin perusteet -opintojakso<\/a>. <br><br>TUTKINTO-OPISKELU Kaakkois-Suomen ammattikorkeakoulu Xamkilla <a href=\"https:\/\/www.xamk.fi\/koulutukset\/kulttuurihyvinvointi\/\" data-type=\"link\" data-id=\"https:\/\/www.xamk.fi\/koulutukset\/kulttuurihyvinvointi\/\" target=\"_blank\" rel=\"noreferrer noopener\">Kulttuurihyvinvoinnin YAMK -koulutuskokonaisuus <\/a>mm. kulttuuri-, sosiaali- ja terveysalan ammattilaisille.<\/p>\n","protected":false},"excerpt":{"rendered":"<p>Kulttuurihyvinvointi on ilmi\u00f6n\u00e4 laaja toiminnan, kouluttamisen, kehitt\u00e4misen ja tutkimuksen muodostama kokonaisuus. Kulttuurihyvinvoinnin toteuttamisessa korostuu taide- ja kulttuuritoimijoiden ammattimainen ja pitk\u00e4j\u00e4nteinen &hellip; <\/p>\n<p class=\"link-more\"><a href=\"https:\/\/www.kyhy.fi\/index.php\/ajankohtaista\/koulutuksia\/\" class=\"more-link\">Continue reading<span class=\"screen-reader-text\"> &#8221;Koulutuksia&#8221;<\/span><\/a><\/p>\n","protected":false},"author":1,"featured_media":0,"parent":64,"menu_order":1,"comment_status":"closed","ping_status":"closed","template":"","meta":{"footnotes":""},"_links":{"self":[{"href":"https:\/\/www.kyhy.fi\/index.php\/wp-json\/wp\/v2\/pages\/66"}],"collection":[{"href":"https:\/\/www.kyhy.fi\/index.php\/wp-json\/wp\/v2\/pages"}],"about":[{"href":"https:\/\/www.kyhy.fi\/index.php\/wp-json\/wp\/v2\/types\/page"}],"author":[{"embeddable":true,"href":"https:\/\/www.kyhy.fi\/index.php\/wp-json\/wp\/v2\/users\/1"}],"replies":[{"embeddable":true,"href":"https:\/\/www.kyhy.fi\/index.php\/wp-json\/wp\/v2\/comments?post=66"}],"version-history":[{"count":10,"href":"https:\/\/www.kyhy.fi\/index.php\/wp-json\/wp\/v2\/pages\/66\/revisions"}],"predecessor-version":[{"id":2239,"href":"https:\/\/www.kyhy.fi\/index.php\/wp-json\/wp\/v2\/pages\/66\/revisions\/2239"}],"up":[{"embeddable":true,"href":"https:\/\/www.kyhy.fi\/index.php\/wp-json\/wp\/v2\/pages\/64"}],"wp:attachment":[{"href":"https:\/\/www.kyhy.fi\/index.php\/wp-json\/wp\/v2\/media?parent=66"}],"curies":[{"name":"wp","href":"https:\/\/api.w.org\/{rel}","templated":true}]}}