{"id":669,"date":"2022-04-14T08:38:53","date_gmt":"2022-04-14T08:38:53","guid":{"rendered":"https:\/\/www.kyhy.fi\/?page_id=669"},"modified":"2022-04-21T19:59:49","modified_gmt":"2022-04-21T19:59:49","slug":"julius-keisari","status":"publish","type":"page","link":"https:\/\/www.kyhy.fi\/index.php\/musiikki\/julius-keisari\/","title":{"rendered":"Julius Keisari"},"content":{"rendered":"\n<figure class=\"wp-block-image size-large\"><img loading=\"lazy\" decoding=\"async\" width=\"1024\" height=\"683\" src=\"http:\/\/www.kyhy.fi\/wp-content\/uploads\/2022\/04\/Julius_Keisari-1024x683.jpg\" alt=\"\" class=\"wp-image-670\" srcset=\"https:\/\/www.kyhy.fi\/wp-content\/uploads\/2022\/04\/Julius_Keisari-1024x683.jpg 1024w, https:\/\/www.kyhy.fi\/wp-content\/uploads\/2022\/04\/Julius_Keisari-300x200.jpg 300w, https:\/\/www.kyhy.fi\/wp-content\/uploads\/2022\/04\/Julius_Keisari-768x512.jpg 768w, https:\/\/www.kyhy.fi\/wp-content\/uploads\/2022\/04\/Julius_Keisari-1536x1024.jpg 1536w, https:\/\/www.kyhy.fi\/wp-content\/uploads\/2022\/04\/Julius_Keisari-2048x1365.jpg 2048w\" sizes=\"(max-width: 767px) 89vw, (max-width: 1000px) 54vw, (max-width: 1071px) 543px, 580px\" \/><\/figure>\n\n\n\n<p>Julius Markkanen taiteilijanimell\u00e4 Julius Keisari esiintyv\u00e4 rap-artisti Kouvolasta.<br>Ohjannut rap-ty\u00f6pajoja mm. erityisluokille ja p\u00e4ihde- &amp; mielenterveyskuntoutujille. Rap-ty\u00f6pajoissa mm. kirjoitetaan riimej\u00e4, laaditaan biisirakenteita sek\u00e4 k\u00e4sitell\u00e4\u00e4n hiphop-kulttuuria ja rapmusiikkia osana sit\u00e4.<\/p>\n\n\n\n<p><strong>Julius Markkanen<\/strong><br>Puh. 040 9346342<br>Kouvola <\/p>\n","protected":false},"excerpt":{"rendered":"<p>Julius Markkanen taiteilijanimell\u00e4 Julius Keisari esiintyv\u00e4 rap-artisti Kouvolasta.Ohjannut rap-ty\u00f6pajoja mm. erityisluokille ja p\u00e4ihde- &amp; mielenterveyskuntoutujille. Rap-ty\u00f6pajoissa mm. kirjoitetaan riimej\u00e4, laaditaan &hellip; <\/p>\n<p class=\"link-more\"><a href=\"https:\/\/www.kyhy.fi\/index.php\/musiikki\/julius-keisari\/\" class=\"more-link\">Continue reading<span class=\"screen-reader-text\"> &#8221;Julius Keisari&#8221;<\/span><\/a><\/p>\n","protected":false},"author":2,"featured_media":0,"parent":510,"menu_order":0,"comment_status":"closed","ping_status":"closed","template":"","meta":{"footnotes":""},"_links":{"self":[{"href":"https:\/\/www.kyhy.fi\/index.php\/wp-json\/wp\/v2\/pages\/669"}],"collection":[{"href":"https:\/\/www.kyhy.fi\/index.php\/wp-json\/wp\/v2\/pages"}],"about":[{"href":"https:\/\/www.kyhy.fi\/index.php\/wp-json\/wp\/v2\/types\/page"}],"author":[{"embeddable":true,"href":"https:\/\/www.kyhy.fi\/index.php\/wp-json\/wp\/v2\/users\/2"}],"replies":[{"embeddable":true,"href":"https:\/\/www.kyhy.fi\/index.php\/wp-json\/wp\/v2\/comments?post=669"}],"version-history":[{"count":3,"href":"https:\/\/www.kyhy.fi\/index.php\/wp-json\/wp\/v2\/pages\/669\/revisions"}],"predecessor-version":[{"id":1062,"href":"https:\/\/www.kyhy.fi\/index.php\/wp-json\/wp\/v2\/pages\/669\/revisions\/1062"}],"up":[{"embeddable":true,"href":"https:\/\/www.kyhy.fi\/index.php\/wp-json\/wp\/v2\/pages\/510"}],"wp:attachment":[{"href":"https:\/\/www.kyhy.fi\/index.php\/wp-json\/wp\/v2\/media?parent=669"}],"curies":[{"name":"wp","href":"https:\/\/api.w.org\/{rel}","templated":true}]}}