{"id":682,"date":"2022-04-17T06:35:08","date_gmt":"2022-04-17T06:35:08","guid":{"rendered":"https:\/\/www.kyhy.fi\/?page_id=682"},"modified":"2023-12-05T09:23:57","modified_gmt":"2023-12-05T09:23:57","slug":"kymenlaakso","status":"publish","type":"page","link":"https:\/\/www.kyhy.fi\/index.php\/kymenlaakso\/","title":{"rendered":"Kymenlaakso"},"content":{"rendered":"\n<p><strong>Kulttuurihyvinvointi ja mit\u00e4 se on Kymenlaaksossa<\/strong><\/p>\n\n\n\n<figure class=\"wp-block-embed is-type-video is-provider-youtube wp-block-embed-youtube wp-embed-aspect-16-9 wp-has-aspect-ratio\"><div class=\"wp-block-embed__wrapper\">\n<iframe loading=\"lazy\" title=\"Kulttuurihyvinvointi ja mit\u00e4 se on Kymenlaaksossa\" width=\"500\" height=\"281\" src=\"https:\/\/www.youtube.com\/embed\/8iNw6ra_-08?feature=oembed\" frameborder=\"0\" allow=\"accelerometer; autoplay; clipboard-write; encrypted-media; gyroscope; picture-in-picture; web-share\" allowfullscreen><\/iframe>\n<\/div><\/figure>\n\n\n\n<p><br>Jokaisella on oikeus ilmaista itse\u00e4\u00e4n vapaasti, osallistua taiteisiin ja kulttuuriin sek\u00e4 kehitt\u00e4\u00e4 itse\u00e4\u00e4n ja yhteis\u00f6\u00e4\u00e4n kulttuurin avulla. N\u00e4m\u00e4 oikeudet on turvattu YK:n ihmisoikeuksien julistuksessa, useissa Suomea sitovissa ihmisoikeussopimuksissa ja Suomen perustuslaissa. Kulttuurihyvinvointi viittaa yksil\u00f6lliseen tai yhteis\u00f6llisesti jaettuun kokemukseen siit\u00e4, ett\u00e4 kulttuuri, taide ja luova toiminta lis\u00e4\u00e4v\u00e4t hyvinvointia tai ovat yhteydess\u00e4 siihen. <br><br>Kulttuuri edist\u00e4\u00e4 osallisuutta ja yhteis\u00f6llisyytt\u00e4, ehk\u00e4isee yksin\u00e4isyytt\u00e4 ja syrj\u00e4ytymist\u00e4, antaa virikkeit\u00e4, tuo mielekkyytt\u00e4 el\u00e4m\u00e4\u00e4n, tukee mielenterveytt\u00e4 sek\u00e4 yll\u00e4pit\u00e4\u00e4 aktiivisuutta ja toimintakyky\u00e4. Taide- ja kulttuuritoiminta tukee lasten ja nuorten tunne- ja vuorovaikutustaitoja samalla parantaen itsetuntoa ja itsehillint\u00e4\u00e4. Eri taidemuodot ovat monen lapsen ja nuoren vahvuuksia ja voimavaroja. Taide- ja kulttuuritoiminta mahdollistaa vertaistukea antavia yhteis\u00f6j\u00e4. Yhteinen tekeminen tuo iloa. Yhteisen harrastuksen parista l\u00f6ytyv\u00e4t usein my\u00f6s elinik\u00e4iset yst\u00e4v\u00e4t.<\/p>\n\n\n\n<p>Kymenlaaksossa kulttuurihyvinvoinnin k\u00e4sitett\u00e4 on ajateltu laajasti. Ei vain taide-, kulttuuri- ja luova toiminta, vaan lis\u00e4ksi k\u00e4sitteen alle ajateltu luontosuhde, liikkuminen ja leikillisyys. Arjen kulttuuri, harrastukset, kokemuksellisuus, monialainen yhteisty\u00f6 (esim. ty\u00f6parit taide+sote), yhteis\u00f6llisyys ja taideterapia ovat kaikki kulttuurihyvinvoinnin eri portaita, joita voidaan hy\u00f6dynt\u00e4\u00e4 aina ennaltaehk\u00e4isyty\u00f6st\u00e4 hoitoon ja kuntoutukseen.<br><br>Kulttuurihyvinvointi on ilmi\u00f6n\u00e4 laaja toiminnan, kouluttamisen, kehitt\u00e4misen ja tutkimuksen muodostama kokonaisuus. Kulttuurihyvinvoinnin toteuttamisessa korostuu taide- ja kulttuuritoimijoiden ammattimainen ja pitk\u00e4j\u00e4nteinen yhteisty\u00f6 muiden toimialojen kanssa. <a href=\"https:\/\/taikusydan.turkuamk.fi\/\" data-type=\"link\" data-id=\"https:\/\/taikusydan.turkuamk.fi\/\" target=\"_blank\" rel=\"noreferrer noopener\">Taikusyd\u00e4n<\/a> on kulttuurihyvinvoinnin valtakunnallinen yhteyspiste. Taikusyd\u00e4men alueverkosto Kymenlaakson hyvinvointia kulttuurista -verkosto aloitti toimintansa 2017. Verkostoon ovat tervetulleita kaikki asiasta kiinnostuneet. Verkoston k\u00e4ynnistymisest\u00e4 alkaen toimintaa on kehitetty l\u00e4hinn\u00e4 hanke- ja projektirahoitusten avulla.<br><br>Tammikuusta 2021 alkaen Kaakkois-Suomen ammattikorkeakoulu Xamkilla on toiminut <a href=\"https:\/\/www.xamk.fi\/koulutukset\/kulttuurihyvinvointi\/\" data-type=\"link\" data-id=\"https:\/\/www.xamk.fi\/koulutukset\/kulttuurihyvinvointi\/\" target=\"_blank\" rel=\"noreferrer noopener\">Kulttuurihyvinvoinnin YAMK koulutuskokonaisuus<\/a>.  <br><br>Kymenlaakson kulttuurihyvinvointisuunnitelma on ollut k\u00e4yt\u00f6ss\u00e4 vuodesta 2020. Ensimm\u00e4isen jakson painopiste on ollut ik\u00e4\u00e4ntyneiden kulttuurihyvinvointity\u00f6. 2021 valmistui <a href=\"https:\/\/kymenhva.fi\/hyvinvointialue\/hyvinvoinnin-ja-terveyden-edistaminen\/\" data-type=\"link\" data-id=\"https:\/\/kymenhva.fi\/hyvinvointialue\/hyvinvoinnin-ja-terveyden-edistaminen\/\" target=\"_blank\" rel=\"noreferrer noopener\">Kymenlaakson alueellinen ik\u00e4\u00e4ntyneen v\u00e4est\u00f6n kulttuurihyvinvointisuunnitelma.<\/a><\/p>\n\n\n\n<p><br><br><strong>Tervetuloa mukaan!<\/strong><\/p>\n\n\n\n<figure class=\"wp-block-image size-full\"><img loading=\"lazy\" decoding=\"async\" width=\"1000\" height=\"363\" src=\"http:\/\/www.kyhy.fi\/wp-content\/uploads\/2021\/03\/KYHYLOGO-VAAKA.jpg\" alt=\"\" class=\"wp-image-552\" srcset=\"https:\/\/www.kyhy.fi\/wp-content\/uploads\/2021\/03\/KYHYLOGO-VAAKA.jpg 1000w, https:\/\/www.kyhy.fi\/wp-content\/uploads\/2021\/03\/KYHYLOGO-VAAKA-300x109.jpg 300w, https:\/\/www.kyhy.fi\/wp-content\/uploads\/2021\/03\/KYHYLOGO-VAAKA-768x279.jpg 768w\" sizes=\"(max-width: 767px) 89vw, (max-width: 1000px) 54vw, (max-width: 1071px) 543px, 580px\" \/><\/figure>\n\n\n\n<p><br>NET:&nbsp;kyhy.fi<br><a href=\"https:\/\/www.facebook.com\/Kymenlaakson-hyvinvointia-kulttuurista-verkosto-1444771935609056\" data-type=\"URL\" data-id=\"https:\/\/www.facebook.com\/Kymenlaakson-hyvinvointia-kulttuurista-verkosto-1444771935609056\" target=\"_blank\" rel=\"noreferrer noopener\">FB:&nbsp;Kymenlaakson&nbsp;hyvinvointia&nbsp;kulttuurista&nbsp;-verkosto<\/a><br>FB:&nbsp;Kyhy&nbsp;keskusteluryhm\u00e4<br><br>Yhteyshenkil\u00f6 Piia Kleimola \/ <a href=\"https:\/\/www.toimintavoima.fi\/\" data-type=\"URL\" data-id=\"https:\/\/www.toimintavoima.fi\/\" target=\"_blank\" rel=\"noreferrer noopener\">Toimintavoima Oy<\/a><br>Puh. 040 5488016, piia.kleimola@toimintavoima.fi <\/p>\n","protected":false},"excerpt":{"rendered":"<p>Kulttuurihyvinvointi ja mit\u00e4 se on Kymenlaaksossa Jokaisella on oikeus ilmaista itse\u00e4\u00e4n vapaasti, osallistua taiteisiin ja kulttuuriin sek\u00e4 kehitt\u00e4\u00e4 itse\u00e4\u00e4n ja &hellip; <\/p>\n<p class=\"link-more\"><a href=\"https:\/\/www.kyhy.fi\/index.php\/kymenlaakso\/\" class=\"more-link\">Continue reading<span class=\"screen-reader-text\"> &#8221;Kymenlaakso&#8221;<\/span><\/a><\/p>\n","protected":false},"author":2,"featured_media":0,"parent":0,"menu_order":0,"comment_status":"closed","ping_status":"closed","template":"","meta":{"footnotes":""},"_links":{"self":[{"href":"https:\/\/www.kyhy.fi\/index.php\/wp-json\/wp\/v2\/pages\/682"}],"collection":[{"href":"https:\/\/www.kyhy.fi\/index.php\/wp-json\/wp\/v2\/pages"}],"about":[{"href":"https:\/\/www.kyhy.fi\/index.php\/wp-json\/wp\/v2\/types\/page"}],"author":[{"embeddable":true,"href":"https:\/\/www.kyhy.fi\/index.php\/wp-json\/wp\/v2\/users\/2"}],"replies":[{"embeddable":true,"href":"https:\/\/www.kyhy.fi\/index.php\/wp-json\/wp\/v2\/comments?post=682"}],"version-history":[{"count":15,"href":"https:\/\/www.kyhy.fi\/index.php\/wp-json\/wp\/v2\/pages\/682\/revisions"}],"predecessor-version":[{"id":2068,"href":"https:\/\/www.kyhy.fi\/index.php\/wp-json\/wp\/v2\/pages\/682\/revisions\/2068"}],"wp:attachment":[{"href":"https:\/\/www.kyhy.fi\/index.php\/wp-json\/wp\/v2\/media?parent=682"}],"curies":[{"name":"wp","href":"https:\/\/api.w.org\/{rel}","templated":true}]}}