{"id":685,"date":"2022-04-17T06:36:00","date_gmt":"2022-04-17T06:36:00","guid":{"rendered":"https:\/\/www.kyhy.fi\/?page_id=685"},"modified":"2022-04-21T12:39:12","modified_gmt":"2022-04-21T12:39:12","slug":"etela-karjala","status":"publish","type":"page","link":"https:\/\/www.kyhy.fi\/index.php\/etela-karjala\/","title":{"rendered":"Etel\u00e4-Karjala"},"content":{"rendered":"\n<p>Tervetuloa mukaan <strong>Taikusyd\u00e4n Etel\u00e4-Karjalan verkostoon<\/strong> matalalla kynnyksell\u00e4!<\/p>\n\n\n\n<p>Teht\u00e4v\u00e4mme on vied\u00e4 kulttuurihyvinvointia eteenp\u00e4in alueellisesti verkostoty\u00f6n keinoin. \u00a0Mukaan tarvitaan niin julkisen tahon toimijoita, sotepuolen toimijoita, yrityksi\u00e4 kuin yksityisi\u00e4 tahoja sek\u00e4 kulttuurialan osaajia.<\/p>\n\n\n\n<p>-Kehitet\u00e4\u00e4n toimijuutta yhdess\u00e4! <br>-K\u00e4ynnistet\u00e4\u00e4n uutta ja vied\u00e4\u00e4n kulttuurihyvinvoinnin sis\u00e4lt\u00f6j\u00e4 eteenp\u00e4in ja osaksi yhteis\u00f6j\u00e4 ja ihmisten arkea!<\/p>\n\n\n\n<p>Verkostomme on perustettu vuonna 2019 juuri ennen koronaa. <br>Tervetuloa mukaan toimintaan!<\/p>\n\n\n\n<figure class=\"wp-block-image size-medium\"><img loading=\"lazy\" decoding=\"async\" width=\"230\" height=\"300\" src=\"https:\/\/www.kyhy.fi\/wp-content\/uploads\/2022\/04\/Milja-230x300.jpg\" alt=\"\" class=\"wp-image-971\" srcset=\"https:\/\/www.kyhy.fi\/wp-content\/uploads\/2022\/04\/Milja-230x300.jpg 230w, https:\/\/www.kyhy.fi\/wp-content\/uploads\/2022\/04\/Milja-784x1024.jpg 784w, https:\/\/www.kyhy.fi\/wp-content\/uploads\/2022\/04\/Milja-768x1003.jpg 768w, https:\/\/www.kyhy.fi\/wp-content\/uploads\/2022\/04\/Milja-1176x1536.jpg 1176w, https:\/\/www.kyhy.fi\/wp-content\/uploads\/2022\/04\/Milja-1568x2048.jpg 1568w, https:\/\/www.kyhy.fi\/wp-content\/uploads\/2022\/04\/Milja-scaled.jpg 1960w\" sizes=\"(max-width: 230px) 100vw, 230px\" \/><figcaption>Milja Littow<\/figcaption><\/figure>\n\n\n\n<p><strong>Milja Littow <\/strong>toimii Taikusyd\u00e4n Etel\u00e4-Karjalan yhteyshenkil\u00f6n\u00e4. Milja on Taidekasvattaja FM, Sosionomi AMK sek\u00e4 Pedagogiset opinnot tehnyt opettaja. T\u00e4ydennyskoulutusta mm. Kohtaamistaiteen ohjaajakoulutuksella (Laurea AMK) sek\u00e4 osallistavan taiteen menetelmien k\u00e4yt\u00f6st\u00e4 hyvinvointity\u00f6ss\u00e4 (Hyvinvoinnin V\u00e4litystoimisto \/ Humak).<\/p>\n\n\n\n<p><\/p>\n\n\n\n<p><\/p>\n\n\n\n<p><br><br><\/p>\n","protected":false},"excerpt":{"rendered":"<p>Tervetuloa mukaan Taikusyd\u00e4n Etel\u00e4-Karjalan verkostoon matalalla kynnyksell\u00e4! Teht\u00e4v\u00e4mme on vied\u00e4 kulttuurihyvinvointia eteenp\u00e4in alueellisesti verkostoty\u00f6n keinoin. \u00a0Mukaan tarvitaan niin julkisen tahon &hellip; <\/p>\n<p class=\"link-more\"><a href=\"https:\/\/www.kyhy.fi\/index.php\/etela-karjala\/\" class=\"more-link\">Continue reading<span class=\"screen-reader-text\"> &#8221;Etel\u00e4-Karjala&#8221;<\/span><\/a><\/p>\n","protected":false},"author":2,"featured_media":0,"parent":0,"menu_order":0,"comment_status":"closed","ping_status":"closed","template":"","meta":{"footnotes":""},"_links":{"self":[{"href":"https:\/\/www.kyhy.fi\/index.php\/wp-json\/wp\/v2\/pages\/685"}],"collection":[{"href":"https:\/\/www.kyhy.fi\/index.php\/wp-json\/wp\/v2\/pages"}],"about":[{"href":"https:\/\/www.kyhy.fi\/index.php\/wp-json\/wp\/v2\/types\/page"}],"author":[{"embeddable":true,"href":"https:\/\/www.kyhy.fi\/index.php\/wp-json\/wp\/v2\/users\/2"}],"replies":[{"embeddable":true,"href":"https:\/\/www.kyhy.fi\/index.php\/wp-json\/wp\/v2\/comments?post=685"}],"version-history":[{"count":4,"href":"https:\/\/www.kyhy.fi\/index.php\/wp-json\/wp\/v2\/pages\/685\/revisions"}],"predecessor-version":[{"id":972,"href":"https:\/\/www.kyhy.fi\/index.php\/wp-json\/wp\/v2\/pages\/685\/revisions\/972"}],"wp:attachment":[{"href":"https:\/\/www.kyhy.fi\/index.php\/wp-json\/wp\/v2\/media?parent=685"}],"curies":[{"name":"wp","href":"https:\/\/api.w.org\/{rel}","templated":true}]}}