{"id":739,"date":"2022-04-17T09:21:51","date_gmt":"2022-04-17T09:21:51","guid":{"rendered":"https:\/\/www.kyhy.fi\/?page_id=739"},"modified":"2022-11-01T08:25:15","modified_gmt":"2022-11-01T08:25:15","slug":"jorce-ja-cece","status":"publish","type":"page","link":"https:\/\/www.kyhy.fi\/index.php\/jorce-ja-cece\/","title":{"rendered":"Jorce ja Cece"},"content":{"rendered":"\n<figure class=\"wp-block-image size-large\"><img loading=\"lazy\" decoding=\"async\" width=\"1024\" height=\"752\" src=\"http:\/\/www.kyhy.fi\/wp-content\/uploads\/2022\/04\/IMG-20211209-WA0004_2-1024x752.jpg\" alt=\"\" class=\"wp-image-740\" srcset=\"https:\/\/www.kyhy.fi\/wp-content\/uploads\/2022\/04\/IMG-20211209-WA0004_2-1024x752.jpg 1024w, https:\/\/www.kyhy.fi\/wp-content\/uploads\/2022\/04\/IMG-20211209-WA0004_2-300x220.jpg 300w, https:\/\/www.kyhy.fi\/wp-content\/uploads\/2022\/04\/IMG-20211209-WA0004_2-768x564.jpg 768w, https:\/\/www.kyhy.fi\/wp-content\/uploads\/2022\/04\/IMG-20211209-WA0004_2.jpg 1416w\" sizes=\"(max-width: 767px) 89vw, (max-width: 1000px) 54vw, (max-width: 1071px) 543px, 580px\" \/><\/figure>\n\n\n\n<p>Jorce, Cece ja kaksi kitaraa. <br>Rentoa lauluviihdett\u00e4 ja kitaratunnelmia erilaisiin tilaisuuksiin, mm. ik\u00e4\u00e4ntyneiden asumispalveluyksik\u00f6ihin.<\/p>\n\n\n\n<p><strong>Jorma Koivula<\/strong><br>Puh. 040 5574830<br>jorma.e.koivula@gmail.com <\/p>\n\n\n\n<p><strong>Keijo Anttonen<\/strong><br>Puh. 0500 902790<br>cece.anttonen@gmail.com <br>Kouvola <\/p>\n","protected":false},"excerpt":{"rendered":"<p>Jorce, Cece ja kaksi kitaraa. Rentoa lauluviihdett\u00e4 ja kitaratunnelmia erilaisiin tilaisuuksiin, mm. ik\u00e4\u00e4ntyneiden asumispalveluyksik\u00f6ihin. Jorma KoivulaPuh. 040 5574830jorma.e.koivula@gmail.com Keijo AnttonenPuh. &hellip; <\/p>\n<p class=\"link-more\"><a href=\"https:\/\/www.kyhy.fi\/index.php\/jorce-ja-cece\/\" class=\"more-link\">Continue reading<span class=\"screen-reader-text\"> &#8221;Jorce ja Cece&#8221;<\/span><\/a><\/p>\n","protected":false},"author":2,"featured_media":0,"parent":0,"menu_order":0,"comment_status":"closed","ping_status":"closed","template":"","meta":{"footnotes":""},"_links":{"self":[{"href":"https:\/\/www.kyhy.fi\/index.php\/wp-json\/wp\/v2\/pages\/739"}],"collection":[{"href":"https:\/\/www.kyhy.fi\/index.php\/wp-json\/wp\/v2\/pages"}],"about":[{"href":"https:\/\/www.kyhy.fi\/index.php\/wp-json\/wp\/v2\/types\/page"}],"author":[{"embeddable":true,"href":"https:\/\/www.kyhy.fi\/index.php\/wp-json\/wp\/v2\/users\/2"}],"replies":[{"embeddable":true,"href":"https:\/\/www.kyhy.fi\/index.php\/wp-json\/wp\/v2\/comments?post=739"}],"version-history":[{"count":4,"href":"https:\/\/www.kyhy.fi\/index.php\/wp-json\/wp\/v2\/pages\/739\/revisions"}],"predecessor-version":[{"id":1324,"href":"https:\/\/www.kyhy.fi\/index.php\/wp-json\/wp\/v2\/pages\/739\/revisions\/1324"}],"wp:attachment":[{"href":"https:\/\/www.kyhy.fi\/index.php\/wp-json\/wp\/v2\/media?parent=739"}],"curies":[{"name":"wp","href":"https:\/\/api.w.org\/{rel}","templated":true}]}}