{"id":80,"date":"2019-09-25T11:19:28","date_gmt":"2019-09-25T11:19:28","guid":{"rendered":"http:\/\/www.kyhy.fi\/?page_id=80"},"modified":"2024-01-19T13:44:41","modified_gmt":"2024-01-19T13:44:41","slug":"rahoituksia","status":"publish","type":"page","link":"https:\/\/www.kyhy.fi\/index.php\/ajankohtaista\/rahoituksia\/","title":{"rendered":"Rahoituksia"},"content":{"rendered":"\n<p><a href=\"https:\/\/urn.fi\/URN:ISBN:978-952-344-422-5\" target=\"_blank\" rel=\"noreferrer noopener\">Rahapuhetta taide- ja kulttuurikent\u00e4lt\u00e4<\/a>, sis\u00e4lt\u00e4\u00e4 nimens\u00e4 mukaisesti puheenvuoroja, haastatteluja ja tietolaatikoita rahasta ja talousosaamisesta. <\/p>\n","protected":false},"excerpt":{"rendered":"<p>Rahapuhetta taide- ja kulttuurikent\u00e4lt\u00e4, sis\u00e4lt\u00e4\u00e4 nimens\u00e4 mukaisesti puheenvuoroja, haastatteluja ja tietolaatikoita rahasta ja talousosaamisesta.<\/p>\n","protected":false},"author":1,"featured_media":0,"parent":64,"menu_order":6,"comment_status":"closed","ping_status":"closed","template":"","meta":{"footnotes":""},"_links":{"self":[{"href":"https:\/\/www.kyhy.fi\/index.php\/wp-json\/wp\/v2\/pages\/80"}],"collection":[{"href":"https:\/\/www.kyhy.fi\/index.php\/wp-json\/wp\/v2\/pages"}],"about":[{"href":"https:\/\/www.kyhy.fi\/index.php\/wp-json\/wp\/v2\/types\/page"}],"author":[{"embeddable":true,"href":"https:\/\/www.kyhy.fi\/index.php\/wp-json\/wp\/v2\/users\/1"}],"replies":[{"embeddable":true,"href":"https:\/\/www.kyhy.fi\/index.php\/wp-json\/wp\/v2\/comments?post=80"}],"version-history":[{"count":10,"href":"https:\/\/www.kyhy.fi\/index.php\/wp-json\/wp\/v2\/pages\/80\/revisions"}],"predecessor-version":[{"id":2240,"href":"https:\/\/www.kyhy.fi\/index.php\/wp-json\/wp\/v2\/pages\/80\/revisions\/2240"}],"up":[{"embeddable":true,"href":"https:\/\/www.kyhy.fi\/index.php\/wp-json\/wp\/v2\/pages\/64"}],"wp:attachment":[{"href":"https:\/\/www.kyhy.fi\/index.php\/wp-json\/wp\/v2\/media?parent=80"}],"curies":[{"name":"wp","href":"https:\/\/api.w.org\/{rel}","templated":true}]}}