{"id":807,"date":"2022-04-17T14:50:35","date_gmt":"2022-04-17T14:50:35","guid":{"rendered":"https:\/\/www.kyhy.fi\/?page_id=807"},"modified":"2022-04-21T16:26:17","modified_gmt":"2022-04-21T16:26:17","slug":"kulttuurihyvinvointipooli","status":"publish","type":"page","link":"https:\/\/www.kyhy.fi\/index.php\/kulttuurihyvinvointipooli\/","title":{"rendered":"Kulttuurihyvinvointipooli"},"content":{"rendered":"\n<p><strong><a href=\"https:\/\/www.kulttuurihyvinvointipooli.fi\/\" data-type=\"URL\" data-id=\"https:\/\/www.kulttuurihyvinvointipooli.fi\/\" target=\"_blank\" rel=\"noreferrer noopener\">Kulttuurihyvinvointipooli <\/a><\/strong>on valtakunnallisista kulttuurihyvinvoinnin toimijoista koostuva asiantuntijaelin. <br><br>Kulttuurihyvinvointipoolin tavoitteena on vahvistaa saavutettavan kulttuurihyvinvoinnin sis\u00e4llytt\u00e4mist\u00e4 osaksi kokonaisvaltaista hyvinvointia, kuntoutusta, ennaltaehk\u00e4isevi\u00e4 palveluita, eri alojen koulutusta ja uudistuvaa ty\u00f6el\u00e4m\u00e4\u00e4.<\/p>\n","protected":false},"excerpt":{"rendered":"<p>Kulttuurihyvinvointipooli on valtakunnallisista kulttuurihyvinvoinnin toimijoista koostuva asiantuntijaelin. Kulttuurihyvinvointipoolin tavoitteena on vahvistaa saavutettavan kulttuurihyvinvoinnin sis\u00e4llytt\u00e4mist\u00e4 osaksi kokonaisvaltaista hyvinvointia, kuntoutusta, ennaltaehk\u00e4isevi\u00e4 palveluita, &hellip; <\/p>\n<p class=\"link-more\"><a href=\"https:\/\/www.kyhy.fi\/index.php\/kulttuurihyvinvointipooli\/\" class=\"more-link\">Continue reading<span class=\"screen-reader-text\"> &#8221;Kulttuurihyvinvointipooli&#8221;<\/span><\/a><\/p>\n","protected":false},"author":2,"featured_media":0,"parent":0,"menu_order":0,"comment_status":"closed","ping_status":"closed","template":"","meta":{"footnotes":""},"_links":{"self":[{"href":"https:\/\/www.kyhy.fi\/index.php\/wp-json\/wp\/v2\/pages\/807"}],"collection":[{"href":"https:\/\/www.kyhy.fi\/index.php\/wp-json\/wp\/v2\/pages"}],"about":[{"href":"https:\/\/www.kyhy.fi\/index.php\/wp-json\/wp\/v2\/types\/page"}],"author":[{"embeddable":true,"href":"https:\/\/www.kyhy.fi\/index.php\/wp-json\/wp\/v2\/users\/2"}],"replies":[{"embeddable":true,"href":"https:\/\/www.kyhy.fi\/index.php\/wp-json\/wp\/v2\/comments?post=807"}],"version-history":[{"count":2,"href":"https:\/\/www.kyhy.fi\/index.php\/wp-json\/wp\/v2\/pages\/807\/revisions"}],"predecessor-version":[{"id":1002,"href":"https:\/\/www.kyhy.fi\/index.php\/wp-json\/wp\/v2\/pages\/807\/revisions\/1002"}],"wp:attachment":[{"href":"https:\/\/www.kyhy.fi\/index.php\/wp-json\/wp\/v2\/media?parent=807"}],"curies":[{"name":"wp","href":"https:\/\/api.w.org\/{rel}","templated":true}]}}