{"id":814,"date":"2022-04-17T14:57:37","date_gmt":"2022-04-17T14:57:37","guid":{"rendered":"https:\/\/www.kyhy.fi\/?page_id=814"},"modified":"2022-04-21T16:23:04","modified_gmt":"2022-04-21T16:23:04","slug":"100-minuuttia-taidetta","status":"publish","type":"page","link":"https:\/\/www.kyhy.fi\/index.php\/100-minuuttia-taidetta\/","title":{"rendered":"100 minuuttia taidetta"},"content":{"rendered":"\n<p><strong>Taide osaksi jokaista p\u00e4iv\u00e4\u00e4<\/strong><br><a href=\"https:\/\/100minuuttiataidetta.taike.fi\/\" data-type=\"URL\" data-id=\"https:\/\/100minuuttiataidetta.taike.fi\/\" target=\"_blank\" rel=\"noreferrer noopener\">Suosittelemme jokaiselle taidetta ja kulttuuria v\u00e4hint\u00e4\u00e4n 100 minuuttia viikossa!<\/a><\/p>\n\n\n\n<p><\/p>\n","protected":false},"excerpt":{"rendered":"<p>Taide osaksi jokaista p\u00e4iv\u00e4\u00e4Suosittelemme jokaiselle taidetta ja kulttuuria v\u00e4hint\u00e4\u00e4n 100 minuuttia viikossa!<\/p>\n","protected":false},"author":2,"featured_media":0,"parent":0,"menu_order":0,"comment_status":"closed","ping_status":"closed","template":"","meta":{"footnotes":""},"_links":{"self":[{"href":"https:\/\/www.kyhy.fi\/index.php\/wp-json\/wp\/v2\/pages\/814"}],"collection":[{"href":"https:\/\/www.kyhy.fi\/index.php\/wp-json\/wp\/v2\/pages"}],"about":[{"href":"https:\/\/www.kyhy.fi\/index.php\/wp-json\/wp\/v2\/types\/page"}],"author":[{"embeddable":true,"href":"https:\/\/www.kyhy.fi\/index.php\/wp-json\/wp\/v2\/users\/2"}],"replies":[{"embeddable":true,"href":"https:\/\/www.kyhy.fi\/index.php\/wp-json\/wp\/v2\/comments?post=814"}],"version-history":[{"count":6,"href":"https:\/\/www.kyhy.fi\/index.php\/wp-json\/wp\/v2\/pages\/814\/revisions"}],"predecessor-version":[{"id":1000,"href":"https:\/\/www.kyhy.fi\/index.php\/wp-json\/wp\/v2\/pages\/814\/revisions\/1000"}],"wp:attachment":[{"href":"https:\/\/www.kyhy.fi\/index.php\/wp-json\/wp\/v2\/media?parent=814"}],"curies":[{"name":"wp","href":"https:\/\/api.w.org\/{rel}","templated":true}]}}