{"id":851,"date":"2022-04-18T11:49:31","date_gmt":"2022-04-18T11:49:31","guid":{"rendered":"https:\/\/www.kyhy.fi\/?page_id=851"},"modified":"2022-04-21T19:53:13","modified_gmt":"2022-04-21T19:53:13","slug":"eveliina-latti","status":"publish","type":"page","link":"https:\/\/www.kyhy.fi\/index.php\/eveliina-latti\/","title":{"rendered":"Eveliina L\u00e4tti"},"content":{"rendered":"\n<figure class=\"wp-block-image size-large\"><img loading=\"lazy\" decoding=\"async\" width=\"819\" height=\"1024\" src=\"http:\/\/www.kyhy.fi\/wp-content\/uploads\/2022\/04\/eveliina-819x1024.jpeg\" alt=\"\" class=\"wp-image-858\" srcset=\"https:\/\/www.kyhy.fi\/wp-content\/uploads\/2022\/04\/eveliina-819x1024.jpeg 819w, https:\/\/www.kyhy.fi\/wp-content\/uploads\/2022\/04\/eveliina-240x300.jpeg 240w, https:\/\/www.kyhy.fi\/wp-content\/uploads\/2022\/04\/eveliina-768x960.jpeg 768w, https:\/\/www.kyhy.fi\/wp-content\/uploads\/2022\/04\/eveliina.jpeg 1024w\" sizes=\"(max-width: 767px) 89vw, (max-width: 1000px) 54vw, (max-width: 1071px) 543px, 580px\" \/><\/figure>\n\n\n\n<p>Teatteriopetusta ja -ohjausta, improvisaatiopohjaisia vuorovaikutusvalmennuksia, improteatteria, hahmoja ja soveltavaa draamaa! Kohderyhmin\u00e4 lapset ja nuoret, mielenterveys- ja p\u00e4ihdekuntoutujat, vammaisryhm\u00e4t ja ik\u00e4ihmiset. Ennen draama-alan yritt\u00e4jyytt\u00e4 vuosien kokemus lastensuojeluty\u00f6n parista.<br>Sosiaali- ja terveysalan henkil\u00f6st\u00f6lle tyhy-ohjelmaa sek\u00e4 teatteri- ja draamaty\u00f6kalujen koulutusta. Vahvuutena l\u00e4sn\u00e4olevan, innostuneen, iloisen ja turvallisen ty\u00f6skentely-ymp\u00e4rist\u00f6n luominen.<\/p>\n\n\n\n<p><strong>Eveliina L\u00e4tti<\/strong><br>Sosionomi (AMK), draamaohjaaja, improvisaatioteatterin\u00e4yttelij\u00e4<br>Puh. 044 096 4610<br>info@joojadraamapalvelut.fi<br>jooja.fi<br>Kouvola<\/p>\n","protected":false},"excerpt":{"rendered":"<p>Teatteriopetusta ja -ohjausta, improvisaatiopohjaisia vuorovaikutusvalmennuksia, improteatteria, hahmoja ja soveltavaa draamaa! Kohderyhmin\u00e4 lapset ja nuoret, mielenterveys- ja p\u00e4ihdekuntoutujat, vammaisryhm\u00e4t ja ik\u00e4ihmiset. &hellip; <\/p>\n<p class=\"link-more\"><a href=\"https:\/\/www.kyhy.fi\/index.php\/eveliina-latti\/\" class=\"more-link\">Continue reading<span class=\"screen-reader-text\"> &#8221;Eveliina L\u00e4tti&#8221;<\/span><\/a><\/p>\n","protected":false},"author":2,"featured_media":0,"parent":0,"menu_order":0,"comment_status":"closed","ping_status":"closed","template":"","meta":{"footnotes":""},"_links":{"self":[{"href":"https:\/\/www.kyhy.fi\/index.php\/wp-json\/wp\/v2\/pages\/851"}],"collection":[{"href":"https:\/\/www.kyhy.fi\/index.php\/wp-json\/wp\/v2\/pages"}],"about":[{"href":"https:\/\/www.kyhy.fi\/index.php\/wp-json\/wp\/v2\/types\/page"}],"author":[{"embeddable":true,"href":"https:\/\/www.kyhy.fi\/index.php\/wp-json\/wp\/v2\/users\/2"}],"replies":[{"embeddable":true,"href":"https:\/\/www.kyhy.fi\/index.php\/wp-json\/wp\/v2\/comments?post=851"}],"version-history":[{"count":3,"href":"https:\/\/www.kyhy.fi\/index.php\/wp-json\/wp\/v2\/pages\/851\/revisions"}],"predecessor-version":[{"id":1047,"href":"https:\/\/www.kyhy.fi\/index.php\/wp-json\/wp\/v2\/pages\/851\/revisions\/1047"}],"wp:attachment":[{"href":"https:\/\/www.kyhy.fi\/index.php\/wp-json\/wp\/v2\/media?parent=851"}],"curies":[{"name":"wp","href":"https:\/\/api.w.org\/{rel}","templated":true}]}}