{"id":853,"date":"2022-04-18T11:49:49","date_gmt":"2022-04-18T11:49:49","guid":{"rendered":"https:\/\/www.kyhy.fi\/?page_id=853"},"modified":"2022-04-21T19:56:12","modified_gmt":"2022-04-21T19:56:12","slug":"juho-latti","status":"publish","type":"page","link":"https:\/\/www.kyhy.fi\/index.php\/juho-latti\/","title":{"rendered":"Juho L\u00e4tti"},"content":{"rendered":"\n<figure class=\"wp-block-image size-large\"><img loading=\"lazy\" decoding=\"async\" width=\"1024\" height=\"768\" src=\"http:\/\/www.kyhy.fi\/wp-content\/uploads\/2022\/04\/juho-1024x768.jpeg\" alt=\"\" class=\"wp-image-855\" srcset=\"https:\/\/www.kyhy.fi\/wp-content\/uploads\/2022\/04\/juho-1024x768.jpeg 1024w, https:\/\/www.kyhy.fi\/wp-content\/uploads\/2022\/04\/juho-300x225.jpeg 300w, https:\/\/www.kyhy.fi\/wp-content\/uploads\/2022\/04\/juho-768x576.jpeg 768w, https:\/\/www.kyhy.fi\/wp-content\/uploads\/2022\/04\/juho-1536x1152.jpeg 1536w, https:\/\/www.kyhy.fi\/wp-content\/uploads\/2022\/04\/juho.jpeg 2016w\" sizes=\"(max-width: 767px) 89vw, (max-width: 1000px) 54vw, (max-width: 1071px) 543px, 580px\" \/><\/figure>\n\n\n\n<p>Yhteislauluhetki\u00e4, soitonopetusta kitaralla, b\u00e4ndisoitonohjausta, musiikin teoriaopetusta, esitt\u00e4v\u00e4\u00e4 musiikkia sek\u00e4 s\u00e4vellys- ja digity\u00f6pajoja!<br>Kohderyhmin\u00e4 lapset ja nuoret, mielenterveys- ja p\u00e4ihdekuntoutujat, vammaisryhm\u00e4t ja ik\u00e4ihmiset sek\u00e4 sosiaali- ja terveysalan henkil\u00f6st\u00f6.<br>Vahvuutena kuunteleva ja l\u00e4sn\u00e4oleva ty\u00f6ote sek\u00e4 asiakkaan tarpeista ja toiveista kumpuavat ty\u00f6tavat.<\/p>\n\n\n\n<p><strong>Juho L\u00e4tti<\/strong><br>Muusikko, musiikkipedagogiopiskelija<br>Puh. 045 226 9977<br>info@hienovire.fi<br>hienovire.fi  <br>Kouvola <\/p>\n","protected":false},"excerpt":{"rendered":"<p>Yhteislauluhetki\u00e4, soitonopetusta kitaralla, b\u00e4ndisoitonohjausta, musiikin teoriaopetusta, esitt\u00e4v\u00e4\u00e4 musiikkia sek\u00e4 s\u00e4vellys- ja digity\u00f6pajoja!Kohderyhmin\u00e4 lapset ja nuoret, mielenterveys- ja p\u00e4ihdekuntoutujat, vammaisryhm\u00e4t ja &hellip; <\/p>\n<p class=\"link-more\"><a href=\"https:\/\/www.kyhy.fi\/index.php\/juho-latti\/\" class=\"more-link\">Continue reading<span class=\"screen-reader-text\"> &#8221;Juho L\u00e4tti&#8221;<\/span><\/a><\/p>\n","protected":false},"author":2,"featured_media":0,"parent":0,"menu_order":0,"comment_status":"closed","ping_status":"closed","template":"","meta":{"footnotes":""},"_links":{"self":[{"href":"https:\/\/www.kyhy.fi\/index.php\/wp-json\/wp\/v2\/pages\/853"}],"collection":[{"href":"https:\/\/www.kyhy.fi\/index.php\/wp-json\/wp\/v2\/pages"}],"about":[{"href":"https:\/\/www.kyhy.fi\/index.php\/wp-json\/wp\/v2\/types\/page"}],"author":[{"embeddable":true,"href":"https:\/\/www.kyhy.fi\/index.php\/wp-json\/wp\/v2\/users\/2"}],"replies":[{"embeddable":true,"href":"https:\/\/www.kyhy.fi\/index.php\/wp-json\/wp\/v2\/comments?post=853"}],"version-history":[{"count":3,"href":"https:\/\/www.kyhy.fi\/index.php\/wp-json\/wp\/v2\/pages\/853\/revisions"}],"predecessor-version":[{"id":1053,"href":"https:\/\/www.kyhy.fi\/index.php\/wp-json\/wp\/v2\/pages\/853\/revisions\/1053"}],"wp:attachment":[{"href":"https:\/\/www.kyhy.fi\/index.php\/wp-json\/wp\/v2\/media?parent=853"}],"curies":[{"name":"wp","href":"https:\/\/api.w.org\/{rel}","templated":true}]}}