{"id":88,"date":"2019-09-25T11:21:16","date_gmt":"2019-09-25T11:21:16","guid":{"rendered":"http:\/\/www.kyhy.fi\/?page_id=88"},"modified":"2023-12-06T22:15:28","modified_gmt":"2023-12-06T22:15:28","slug":"tietopankki","status":"publish","type":"page","link":"https:\/\/www.kyhy.fi\/index.php\/tietopankki\/","title":{"rendered":"Tietopankki"},"content":{"rendered":"\n<p><a href=\"https:\/\/www.kyhy.fi\/index.php\/julkaisuja\/\" data-type=\"URL\" data-id=\"https:\/\/www.kyhy.fi\/index.php\/julkaisuja\/\" target=\"_blank\" rel=\"noreferrer noopener\">Julkaisuja<\/a><br><a href=\"https:\/\/www.kyhy.fi\/index.php\/tietopankki\/kulttuuriakaikille-fi\/\" data-type=\"URL\" data-id=\"https:\/\/www.kyhy.fi\/index.php\/tietopankki\/kulttuuriakaikille-fi\/\" target=\"_blank\" rel=\"noreferrer noopener\">Kulttuuria kaikille<\/a><br><a href=\"https:\/\/www.kyhy.fi\/index.php\/kulttuurihyvinvointipooli\/\" data-type=\"URL\" data-id=\"https:\/\/www.kyhy.fi\/index.php\/kulttuurihyvinvointipooli\/\" target=\"_blank\" rel=\"noreferrer noopener\">Kulttuurihyvinvointipooli<\/a><br><a href=\"https:\/\/www.kyhy.fi\/index.php\/tietopankki\/ministerien-suositukset\/\" data-type=\"URL\" data-id=\"https:\/\/www.kyhy.fi\/index.php\/tietopankki\/ministerien-suositukset\/\" target=\"_blank\" rel=\"noreferrer noopener\">Ministerien suositukset<\/a><br><a href=\"https:\/\/www.kyhy.fi\/index.php\/opinnaytetyot\/\" data-type=\"URL\" data-id=\"https:\/\/www.kyhy.fi\/index.php\/opinnaytetyot\/\" target=\"_blank\" rel=\"noreferrer noopener\">Opinn\u00e4ytety\u00f6t<\/a><br><a href=\"https:\/\/www.kyhy.fi\/index.php\/taidetutka\/\" data-type=\"URL\" data-id=\"https:\/\/www.kyhy.fi\/index.php\/taidetutka\/\" target=\"_blank\" rel=\"noreferrer noopener\">Taidetutka<\/a><br><a href=\"https:\/\/www.kyhy.fi\/index.php\/terveytta-kulttuurista-ry\/\" data-type=\"URL\" data-id=\"https:\/\/www.kyhy.fi\/index.php\/terveytta-kulttuurista-ry\/\" target=\"_blank\" rel=\"noreferrer noopener\">MIELI Terveytt\u00e4 kulttuurista mielenterveysseura ry<\/a><br><a href=\"https:\/\/www.kyhy.fi\/index.php\/tietopankki\/sitran-kortit\/\" data-type=\"URL\" data-id=\"https:\/\/www.kyhy.fi\/index.php\/tietopankki\/sitran-kortit\/\" target=\"_blank\" rel=\"noreferrer noopener\">Tietokortit<\/a><br><a href=\"https:\/\/www.kyhy.fi\/index.php\/tietopankki\/tutkimukset\/\" data-type=\"URL\" data-id=\"https:\/\/www.kyhy.fi\/index.php\/tietopankki\/tutkimukset\/\" target=\"_blank\" rel=\"noreferrer noopener\">Tutkimukset<\/a><br><a href=\"https:\/\/www.kyhy.fi\/index.php\/100-minuuttia-taidetta\/\" data-type=\"URL\" data-id=\"https:\/\/www.kyhy.fi\/index.php\/100-minuuttia-taidetta\/\" target=\"_blank\" rel=\"noreferrer noopener\">100 minuuttia taidetta<\/a><\/p>\n","protected":false},"excerpt":{"rendered":"<p>JulkaisujaKulttuuria kaikilleKulttuurihyvinvointipooliMinisterien suosituksetOpinn\u00e4ytety\u00f6tTaidetutkaMIELI Terveytt\u00e4 kulttuurista mielenterveysseura ryTietokortitTutkimukset100 minuuttia taidetta<\/p>\n","protected":false},"author":1,"featured_media":0,"parent":0,"menu_order":0,"comment_status":"closed","ping_status":"closed","template":"","meta":{"footnotes":""},"_links":{"self":[{"href":"https:\/\/www.kyhy.fi\/index.php\/wp-json\/wp\/v2\/pages\/88"}],"collection":[{"href":"https:\/\/www.kyhy.fi\/index.php\/wp-json\/wp\/v2\/pages"}],"about":[{"href":"https:\/\/www.kyhy.fi\/index.php\/wp-json\/wp\/v2\/types\/page"}],"author":[{"embeddable":true,"href":"https:\/\/www.kyhy.fi\/index.php\/wp-json\/wp\/v2\/users\/1"}],"replies":[{"embeddable":true,"href":"https:\/\/www.kyhy.fi\/index.php\/wp-json\/wp\/v2\/comments?post=88"}],"version-history":[{"count":16,"href":"https:\/\/www.kyhy.fi\/index.php\/wp-json\/wp\/v2\/pages\/88\/revisions"}],"predecessor-version":[{"id":2108,"href":"https:\/\/www.kyhy.fi\/index.php\/wp-json\/wp\/v2\/pages\/88\/revisions\/2108"}],"wp:attachment":[{"href":"https:\/\/www.kyhy.fi\/index.php\/wp-json\/wp\/v2\/media?parent=88"}],"curies":[{"name":"wp","href":"https:\/\/api.w.org\/{rel}","templated":true}]}}