{"id":9,"date":"2019-09-05T10:47:57","date_gmt":"2019-09-05T10:47:57","guid":{"rendered":"http:\/\/www.kyhy.fi\/?page_id=9"},"modified":"2023-12-07T08:25:06","modified_gmt":"2023-12-07T08:25:06","slug":"etusivu","status":"publish","type":"page","link":"https:\/\/www.kyhy.fi\/","title":{"rendered":"Kulttuurihyvinvointi"},"content":{"rendered":"\n<p><strong>Kulttuurihyvinvoinnilla tarkoitetaan kulttuurin ja taiteen mahdollisuuksia edist\u00e4\u00e4 terveytt\u00e4 ja hyvinvointia. <\/strong>Kulttuurihyvinvointi on toiminnan, kouluttamisen, kehitt\u00e4misen ja tutkimuksen muodostama laaja kokonaisuus. Kulttuurihyvinvoinnin toteuttamisessa korostuu taide- ja kulttuuritoimijoiden ammattimainen ja pitk\u00e4j\u00e4nteinen yhteisty\u00f6 muiden toimialojen kanssa. <br><br>Omat kulttuuriharrastukset, taiteen kokeminen, kulttuurihyvinvointipalvelut, yhteis\u00f6llinen taidetoiminta, taideterapia \u2013 kaikki ne ovat kulttuurihyvinvoinnin eri askelmia. <\/p>\n\n\n<div class=\"wp-block-image\">\n<figure class=\"aligncenter size-full\"><img loading=\"lazy\" decoding=\"async\" width=\"204\" height=\"145\" src=\"http:\/\/www.kyhy.fi\/wp-content\/uploads\/2022\/05\/logoTS.jpg\" alt=\"\" class=\"wp-image-1202\"\/><\/figure><\/div>\n\n\n<p class=\"has-small-font-size\"><a rel=\"noreferrer noopener\" href=\"https:\/\/taikusydan.turkuamk.fi\/\" target=\"_blank\"><strong>Taikusyd\u00e4n<\/strong><\/a> on kulttuurihyvinvoinnin valtakunnallinen yhteyspiste ja yhteisty\u00f6verkosto. Taikusyd\u00e4men alueverkosto toimii sek\u00e4 <strong><a href=\"https:\/\/www.kyhy.fi\/index.php\/kymenlaakso\/\">Kymenlaaksossa<\/a><\/strong> ett\u00e4 <strong><a href=\"https:\/\/www.kyhy.fi\/index.php\/etela-karjala\/\">Etel\u00e4-Karjalassa<\/a><\/strong>. Verkostot toimivat yhteisty\u00f6ss\u00e4.&nbsp;<\/p>\n\n\n\n<p class=\"has-small-font-size\">Piirroskuva teoksesta <a href=\"https:\/\/draamatyo.fi\/tuote\/draamaleikki-opas-arjen-teatterileikkiin\/\" data-type=\"link\" data-id=\"https:\/\/draamatyo.fi\/tuote\/draamaleikki-opas-arjen-teatterileikkiin\/\" target=\"_blank\" rel=\"noreferrer noopener\">Draamaleikki<\/a>, kuvitus P\u00e4ivi P\u00f6yh\u00f6l\u00e4.<\/p>\n","protected":false},"excerpt":{"rendered":"<p>Kulttuurihyvinvoinnilla tarkoitetaan kulttuurin ja taiteen mahdollisuuksia edist\u00e4\u00e4 terveytt\u00e4 ja hyvinvointia. Kulttuurihyvinvointi on toiminnan, kouluttamisen, kehitt\u00e4misen ja tutkimuksen muodostama laaja kokonaisuus. &hellip; <\/p>\n<p class=\"link-more\"><a href=\"https:\/\/www.kyhy.fi\/\" class=\"more-link\">Continue reading<span class=\"screen-reader-text\"> &#8221;Kulttuurihyvinvointi&#8221;<\/span><\/a><\/p>\n","protected":false},"author":1,"featured_media":0,"parent":0,"menu_order":0,"comment_status":"closed","ping_status":"closed","template":"","meta":{"footnotes":""},"_links":{"self":[{"href":"https:\/\/www.kyhy.fi\/index.php\/wp-json\/wp\/v2\/pages\/9"}],"collection":[{"href":"https:\/\/www.kyhy.fi\/index.php\/wp-json\/wp\/v2\/pages"}],"about":[{"href":"https:\/\/www.kyhy.fi\/index.php\/wp-json\/wp\/v2\/types\/page"}],"author":[{"embeddable":true,"href":"https:\/\/www.kyhy.fi\/index.php\/wp-json\/wp\/v2\/users\/1"}],"replies":[{"embeddable":true,"href":"https:\/\/www.kyhy.fi\/index.php\/wp-json\/wp\/v2\/comments?post=9"}],"version-history":[{"count":72,"href":"https:\/\/www.kyhy.fi\/index.php\/wp-json\/wp\/v2\/pages\/9\/revisions"}],"predecessor-version":[{"id":2122,"href":"https:\/\/www.kyhy.fi\/index.php\/wp-json\/wp\/v2\/pages\/9\/revisions\/2122"}],"wp:attachment":[{"href":"https:\/\/www.kyhy.fi\/index.php\/wp-json\/wp\/v2\/media?parent=9"}],"curies":[{"name":"wp","href":"https:\/\/api.w.org\/{rel}","templated":true}]}}