{"id":90,"date":"2019-09-25T11:21:39","date_gmt":"2019-09-25T11:21:39","guid":{"rendered":"http:\/\/www.kyhy.fi\/?page_id=90"},"modified":"2022-04-21T13:30:00","modified_gmt":"2022-04-21T13:30:00","slug":"tutkimukset","status":"publish","type":"page","link":"https:\/\/www.kyhy.fi\/index.php\/tietopankki\/tutkimukset\/","title":{"rendered":"Tutkimukset"},"content":{"rendered":"\n<p>Viime vuoden kulttuurihyvinvointity\u00f6n huipentumana voidaan pit\u00e4\u00e4 Maailman terveysj\u00e4rjest\u00f6 WHO:n 11.11.2019 Helsingiss\u00e4 julkaisemaa t\u00e4h\u00e4n asti laajinta taiteen ja kulttuurin <a rel=\"noreferrer noopener\" href=\"https:\/\/taikusydan.turkuamk.fi\/yleinen\/maailman-terveysjarjesto-whon-raportti-taiteen-ja-kulttuurin-terveysvaikutuksista\/?fbclid=IwAR22ZKzR_h8plqP7Dg5KedBkKUUCBUlmHkNIAyFnkIoHVYxqXsa91Cr4PkY\" target=\"_blank\">vaikutusraporttia<\/a>. Viesti on selv\u00e4: on olemassa vahvaa tutkimusn\u00e4ytt\u00f6\u00e4 siit\u00e4, ett\u00e4 taide- ja kulttuuritoimintaan osallistuminen auttaa parantamaan terveytt\u00e4 ja hyvinvointia. Se voi jopa ehk\u00e4ist\u00e4 ja hoitaa psyykkisi\u00e4 ja fyysisi\u00e4 sairauksia sek\u00e4 auttaa selviytym\u00e4\u00e4n useiden akuuttien ja kroonisten sairauksien kanssa. <br><br>Taikusyd\u00e4n\u00a0verkkoluento\u00a0WHO:n\u00a0kulttuuri-hyvinvointiraportista\u00a022.04.2020<\/p>\n\n\n\n<figure class=\"wp-block-embed is-type-video is-provider-youtube wp-block-embed-youtube wp-embed-aspect-16-9 wp-has-aspect-ratio\"><div class=\"wp-block-embed__wrapper\">\n<iframe loading=\"lazy\" title=\"Taikusyd\u00e4n verkkoluento WHO:n kulttuurihyvinvointiraportista 22.04.2020\" width=\"500\" height=\"281\" src=\"https:\/\/www.youtube.com\/embed\/2bnRL0WkWOc?feature=oembed\" frameborder=\"0\" allow=\"accelerometer; autoplay; clipboard-write; encrypted-media; gyroscope; picture-in-picture\" allowfullscreen><\/iframe>\n<\/div><\/figure>\n\n\n\n<p><br><a href=\"https:\/\/taikusydan.turkuamk.fi\/tutkijaverkosto\/tietoa\/\" data-type=\"URL\" data-id=\"https:\/\/taikusydan.turkuamk.fi\/tutkijaverkosto\/tietoa\/\" target=\"_blank\" rel=\"noreferrer noopener\">Taikusyd\u00e4n-tutkijaverkosto<\/a> kokoaa yhteen taiteen, kulttuurin ja\u00a0hyvinvoinnin teemoista kiinnostuneita tutkijoita ja tutkimusta sek\u00e4\u00a0toimii foorumina yhteisty\u00f6lle. Valtakunnallisen\u00a0Taikusyd\u00e4n-tutkijaverkoston tavoitteena on mm. kartoittaa ja seurata\u00a0alan tutkimusta, tunnistaa tutkimustarpeita, edist\u00e4\u00e4 tutkimuksen\u00a0n\u00e4kyv\u00e4ksi tekemist\u00e4, tukea monitieteist\u00e4 tutkijakeskustelua ja\u00a0tutkimusyhteisty\u00f6t\u00e4 sek\u00e4 tutkimuksen ja k\u00e4yt\u00e4nn\u00f6n v\u00e4list\u00e4\u00a0vuorovaikutusta.\u00a0<\/p>\n\n\n\n<p><\/p>\n","protected":false},"excerpt":{"rendered":"<p>Viime vuoden kulttuurihyvinvointity\u00f6n huipentumana voidaan pit\u00e4\u00e4 Maailman terveysj\u00e4rjest\u00f6 WHO:n 11.11.2019 Helsingiss\u00e4 julkaisemaa t\u00e4h\u00e4n asti laajinta taiteen ja kulttuurin vaikutusraporttia. Viesti &hellip; <\/p>\n<p class=\"link-more\"><a href=\"https:\/\/www.kyhy.fi\/index.php\/tietopankki\/tutkimukset\/\" class=\"more-link\">Continue reading<span class=\"screen-reader-text\"> &#8221;Tutkimukset&#8221;<\/span><\/a><\/p>\n","protected":false},"author":1,"featured_media":0,"parent":88,"menu_order":1,"comment_status":"closed","ping_status":"closed","template":"","meta":{"footnotes":""},"_links":{"self":[{"href":"https:\/\/www.kyhy.fi\/index.php\/wp-json\/wp\/v2\/pages\/90"}],"collection":[{"href":"https:\/\/www.kyhy.fi\/index.php\/wp-json\/wp\/v2\/pages"}],"about":[{"href":"https:\/\/www.kyhy.fi\/index.php\/wp-json\/wp\/v2\/types\/page"}],"author":[{"embeddable":true,"href":"https:\/\/www.kyhy.fi\/index.php\/wp-json\/wp\/v2\/users\/1"}],"replies":[{"embeddable":true,"href":"https:\/\/www.kyhy.fi\/index.php\/wp-json\/wp\/v2\/comments?post=90"}],"version-history":[{"count":7,"href":"https:\/\/www.kyhy.fi\/index.php\/wp-json\/wp\/v2\/pages\/90\/revisions"}],"predecessor-version":[{"id":982,"href":"https:\/\/www.kyhy.fi\/index.php\/wp-json\/wp\/v2\/pages\/90\/revisions\/982"}],"up":[{"embeddable":true,"href":"https:\/\/www.kyhy.fi\/index.php\/wp-json\/wp\/v2\/pages\/88"}],"wp:attachment":[{"href":"https:\/\/www.kyhy.fi\/index.php\/wp-json\/wp\/v2\/media?parent=90"}],"curies":[{"name":"wp","href":"https:\/\/api.w.org\/{rel}","templated":true}]}}