{"id":904,"date":"2022-04-20T13:51:23","date_gmt":"2022-04-20T13:51:23","guid":{"rendered":"https:\/\/www.kyhy.fi\/?page_id=904"},"modified":"2022-04-21T19:57:14","modified_gmt":"2022-04-21T19:57:14","slug":"luovanoste","status":"publish","type":"page","link":"https:\/\/www.kyhy.fi\/index.php\/luovanoste\/","title":{"rendered":"LuovaNoste"},"content":{"rendered":"\n<figure class=\"wp-block-image size-full\"><img loading=\"lazy\" decoding=\"async\" width=\"851\" height=\"315\" src=\"http:\/\/www.kyhy.fi\/wp-content\/uploads\/2022\/04\/Luova_Noste_FB-kansi_851x315_px.jpg\" alt=\"\" class=\"wp-image-905\" srcset=\"https:\/\/www.kyhy.fi\/wp-content\/uploads\/2022\/04\/Luova_Noste_FB-kansi_851x315_px.jpg 851w, https:\/\/www.kyhy.fi\/wp-content\/uploads\/2022\/04\/Luova_Noste_FB-kansi_851x315_px-300x111.jpg 300w, https:\/\/www.kyhy.fi\/wp-content\/uploads\/2022\/04\/Luova_Noste_FB-kansi_851x315_px-768x284.jpg 768w\" sizes=\"(max-width: 767px) 89vw, (max-width: 1000px) 54vw, (max-width: 1071px) 543px, 580px\" \/><figcaption><em>LuovaNoste &#8211; Luovuudensuojelijat hyv\u00e4n ty\u00f6el\u00e4m\u00e4n puolesta<\/em><\/figcaption><\/figure>\n\n\n\n<p>LuovaNoste&nbsp;on luovien toimijoiden, kulttuurihyvinvoinnin asiantuntijoiden ja ty\u00f6el\u00e4m\u00e4n kehitt\u00e4jien tiimi. Monialaisilla asiantuntijoillamme on kokemusta ty\u00f6el\u00e4m\u00e4n laadun ja tuottavuuden kehitt\u00e4misest\u00e4 tiedolla, taidolla ja huumorilla luovia menetelmi\u00e4 hy\u00f6dynt\u00e4en.&nbsp;<\/p>\n\n\n\n<p>Hy\u00f6dynn\u00e4mme valmennuksissa matalankynnyksen luovia menetelmi\u00e4, kuten kuvia, videoita, musiikkia,&nbsp;kirjoittamista, valokuvausta ja piirt\u00e4mist\u00e4&nbsp;sek\u00e4 digitaalisia sovelluksia.&nbsp;<\/p>\n\n\n\n<p>LuovaNosteen&nbsp;valmennuksissa saat ty\u00f6kaluja ty\u00f6hyvinvoinnin, ty\u00f6turvallisuuden, innovaatiokyvykkyyden tai&nbsp;tuottavuuden kehitt\u00e4miseen. Yhdess\u00e4 tekeminen vahvistaa yhteis\u00f6llisyytt\u00e4, avaa uusia n\u00e4kymi\u00e4 sek\u00e4 lis\u00e4\u00e4 voimavaroja ja ty\u00f6nriemua.&nbsp;&nbsp;<\/p>\n\n\n\n<p>LuovaNosteen&nbsp;r\u00e4\u00e4t\u00e4l\u00f6idyt valmennukset toteutetaan p\u00e4\u00e4osin et\u00e4yhteyksin, joka mahdollistaa osallistumisen monipaikkaisesti.&nbsp;<\/p>\n\n\n\n<p>Osallistujan palaute:&nbsp;<\/p>\n\n\n\n<p><em>&#8221;Jos kiire ja ty\u00f6arki painaa, eik\u00e4 virtaa en\u00e4\u00e4 tunnu l\u00f6ytyv\u00e4n uusiin ajatuksiin, suosittelen kokeilemaan luovia pajoja. Ajatukset selkeentyv\u00e4t ja ty\u00f6kin tuntuu luistavan ihan eri tavalla&#8221;<\/em><br><\/p>\n\n\n\n<p>Lue lis\u00e4\u00e4:&nbsp; <br><a rel=\"noreferrer noopener\" href=\"http:\/\/www.luovanoste.fi\/\" target=\"_blank\">www.luovanoste.fi<\/a>&nbsp; <br><a href=\"https:\/\/www.linkedin.com\/company\/luovanoste\/\">https:\/\/www.linkedin.com\/company\/luovanoste\/<\/a> <a href=\"https:\/\/www.facebook.com\/LuovaNoste\/\">https:\/\/www.facebook.com\/LuovaNoste\/<\/a><\/p>\n\n\n\n<p>K\u00e4y lukemassa er\u00e4\u00e4st\u00e4&nbsp;LuovaNosteen&nbsp;valmennusprosessista TTT -lehden juttu:&nbsp;<br><a href=\"https:\/\/tttlehti.fi\/share\/18258\/661be5\">https:\/\/tttlehti.fi\/share\/18258\/661be5<\/a><\/p>\n\n\n\n<p><strong>Ota yhteytt\u00e4:&nbsp;<\/strong><\/p>\n\n\n\n<p><a href=\"mailto:luovanoste@luovanoste.fi\">luovanoste@luovanoste.fi<\/a>&nbsp;<\/p>\n\n\n\n<p><strong>Paula My\u00f6h\u00e4nen&nbsp;<\/strong><br>Puh. 040 521 7336&nbsp;<\/p>\n\n\n\n<p><strong>Tarja Kyll\u00f6nen\u00a0<\/strong><br>Puh. 050 569 4777 <br>Mikkeli <\/p>\n","protected":false},"excerpt":{"rendered":"<p>LuovaNoste&nbsp;on luovien toimijoiden, kulttuurihyvinvoinnin asiantuntijoiden ja ty\u00f6el\u00e4m\u00e4n kehitt\u00e4jien tiimi. Monialaisilla asiantuntijoillamme on kokemusta ty\u00f6el\u00e4m\u00e4n laadun ja tuottavuuden kehitt\u00e4misest\u00e4 tiedolla, taidolla &hellip; <\/p>\n<p class=\"link-more\"><a href=\"https:\/\/www.kyhy.fi\/index.php\/luovanoste\/\" class=\"more-link\">Continue reading<span class=\"screen-reader-text\"> &#8221;LuovaNoste&#8221;<\/span><\/a><\/p>\n","protected":false},"author":2,"featured_media":0,"parent":0,"menu_order":0,"comment_status":"closed","ping_status":"closed","template":"","meta":{"footnotes":""},"_links":{"self":[{"href":"https:\/\/www.kyhy.fi\/index.php\/wp-json\/wp\/v2\/pages\/904"}],"collection":[{"href":"https:\/\/www.kyhy.fi\/index.php\/wp-json\/wp\/v2\/pages"}],"about":[{"href":"https:\/\/www.kyhy.fi\/index.php\/wp-json\/wp\/v2\/types\/page"}],"author":[{"embeddable":true,"href":"https:\/\/www.kyhy.fi\/index.php\/wp-json\/wp\/v2\/users\/2"}],"replies":[{"embeddable":true,"href":"https:\/\/www.kyhy.fi\/index.php\/wp-json\/wp\/v2\/comments?post=904"}],"version-history":[{"count":5,"href":"https:\/\/www.kyhy.fi\/index.php\/wp-json\/wp\/v2\/pages\/904\/revisions"}],"predecessor-version":[{"id":1055,"href":"https:\/\/www.kyhy.fi\/index.php\/wp-json\/wp\/v2\/pages\/904\/revisions\/1055"}],"wp:attachment":[{"href":"https:\/\/www.kyhy.fi\/index.php\/wp-json\/wp\/v2\/media?parent=904"}],"curies":[{"name":"wp","href":"https:\/\/api.w.org\/{rel}","templated":true}]}}