{"id":922,"date":"2022-04-21T10:07:22","date_gmt":"2022-04-21T10:07:22","guid":{"rendered":"https:\/\/www.kyhy.fi\/?page_id=922"},"modified":"2022-04-21T19:53:40","modified_gmt":"2022-04-21T19:53:40","slug":"heidi-koskinen-jarvisalo","status":"publish","type":"page","link":"https:\/\/www.kyhy.fi\/index.php\/heidi-koskinen-jarvisalo\/","title":{"rendered":"Heidi Koskinen-J\u00e4rvisalo"},"content":{"rendered":"\n<figure class=\"wp-block-image size-large\"><img loading=\"lazy\" decoding=\"async\" width=\"682\" height=\"1024\" src=\"http:\/\/www.kyhy.fi\/wp-content\/uploads\/2022\/04\/heidi2-682x1024.jpg\" alt=\"\" class=\"wp-image-923\" srcset=\"https:\/\/www.kyhy.fi\/wp-content\/uploads\/2022\/04\/heidi2-682x1024.jpg 682w, https:\/\/www.kyhy.fi\/wp-content\/uploads\/2022\/04\/heidi2-200x300.jpg 200w, https:\/\/www.kyhy.fi\/wp-content\/uploads\/2022\/04\/heidi2-768x1152.jpg 768w, https:\/\/www.kyhy.fi\/wp-content\/uploads\/2022\/04\/heidi2-1024x1536.jpg 1024w, https:\/\/www.kyhy.fi\/wp-content\/uploads\/2022\/04\/heidi2.jpg 1181w\" sizes=\"(max-width: 682px) 100vw, 682px\" \/><\/figure>\n\n\n\n<p><br>Kulttuurialan sekaty\u00f6l\u00e4inen, jolla on pitk\u00e4 kokemus harrastajateatterin ohjaamisesta ja erilaisten teatteri- ja ilmaisuryhmien&nbsp;vet\u00e4misest\u00e4. L\u00e4hell\u00e4 syd\u00e4nt\u00e4 on erityisesti improvisaatioteatteri.<\/p>\n\n\n\n<p>Media-alalla luonnistuvat sek\u00e4 video\/valokuvaus ett\u00e4 editointi ja ohjaus. Erilaiset valokuvaukseen ja videointiin liittyv\u00e4t kurssit my\u00f6s matalalla kynnyksell\u00e4, ilman suuria teknisi\u00e4 vaatimuksia.&nbsp;<\/p>\n\n\n\n<p><em>&#8221;Tehd\u00e4\u00e4n niill\u00e4 laitteilla mahdollisimman hyvin, joita on k\u00e4sill\u00e4, sis\u00e4lt\u00f6 edell\u00e4.&#8221;&nbsp;<\/em><\/p>\n\n\n\n<p><strong>Heidi Koskinen-J\u00e4rvisalo<\/strong><br>Puh. 044 9734252<br>koskinenjarvisalo@gmail.com  <br>Kouvola <\/p>\n","protected":false},"excerpt":{"rendered":"<p>Kulttuurialan sekaty\u00f6l\u00e4inen, jolla on pitk\u00e4 kokemus harrastajateatterin ohjaamisesta ja erilaisten teatteri- ja ilmaisuryhmien&nbsp;vet\u00e4misest\u00e4. L\u00e4hell\u00e4 syd\u00e4nt\u00e4 on erityisesti improvisaatioteatteri. Media-alalla luonnistuvat &hellip; <\/p>\n<p class=\"link-more\"><a href=\"https:\/\/www.kyhy.fi\/index.php\/heidi-koskinen-jarvisalo\/\" class=\"more-link\">Continue reading<span class=\"screen-reader-text\"> &#8221;Heidi Koskinen-J\u00e4rvisalo&#8221;<\/span><\/a><\/p>\n","protected":false},"author":2,"featured_media":0,"parent":0,"menu_order":0,"comment_status":"closed","ping_status":"closed","template":"","meta":{"footnotes":""},"_links":{"self":[{"href":"https:\/\/www.kyhy.fi\/index.php\/wp-json\/wp\/v2\/pages\/922"}],"collection":[{"href":"https:\/\/www.kyhy.fi\/index.php\/wp-json\/wp\/v2\/pages"}],"about":[{"href":"https:\/\/www.kyhy.fi\/index.php\/wp-json\/wp\/v2\/types\/page"}],"author":[{"embeddable":true,"href":"https:\/\/www.kyhy.fi\/index.php\/wp-json\/wp\/v2\/users\/2"}],"replies":[{"embeddable":true,"href":"https:\/\/www.kyhy.fi\/index.php\/wp-json\/wp\/v2\/comments?post=922"}],"version-history":[{"count":4,"href":"https:\/\/www.kyhy.fi\/index.php\/wp-json\/wp\/v2\/pages\/922\/revisions"}],"predecessor-version":[{"id":1048,"href":"https:\/\/www.kyhy.fi\/index.php\/wp-json\/wp\/v2\/pages\/922\/revisions\/1048"}],"wp:attachment":[{"href":"https:\/\/www.kyhy.fi\/index.php\/wp-json\/wp\/v2\/media?parent=922"}],"curies":[{"name":"wp","href":"https:\/\/api.w.org\/{rel}","templated":true}]}}