{"id":960,"date":"2022-04-21T11:30:50","date_gmt":"2022-04-21T11:30:50","guid":{"rendered":"https:\/\/www.kyhy.fi\/?page_id=960"},"modified":"2022-04-21T19:59:28","modified_gmt":"2022-04-21T19:59:28","slug":"merja-heiskanen","status":"publish","type":"page","link":"https:\/\/www.kyhy.fi\/index.php\/merja-heiskanen\/","title":{"rendered":"Merja Heiskanen"},"content":{"rendered":"\n<figure class=\"wp-block-image size-full\"><img loading=\"lazy\" decoding=\"async\" width=\"1011\" height=\"461\" src=\"http:\/\/www.kyhy.fi\/wp-content\/uploads\/2022\/04\/merja02.jpg\" alt=\"\" class=\"wp-image-963\" srcset=\"https:\/\/www.kyhy.fi\/wp-content\/uploads\/2022\/04\/merja02.jpg 1011w, https:\/\/www.kyhy.fi\/wp-content\/uploads\/2022\/04\/merja02-300x137.jpg 300w, https:\/\/www.kyhy.fi\/wp-content\/uploads\/2022\/04\/merja02-768x350.jpg 768w\" sizes=\"(max-width: 767px) 89vw, (max-width: 1000px) 54vw, (max-width: 1071px) 543px, 580px\" \/><\/figure>\n\n\n\n<p>Taidetoiminta sopii kaikille luovuudesta ja sen mahdollisuuksista kiinnostuneille. Kokemus onnistuneesta itseilmaisusta vahvistaa pystyvyyden tunnetta. N\u00e4in syntyy uusia merkityksi\u00e4 ja n\u00e4k\u00f6kulmia el\u00e4m\u00e4n eri tilanteisiin. Taidetoiminta soveltuu my\u00f6s rentoutumisen keinoksi. Maalatessa voi hiljent\u00e4\u00e4 ja hidastaa itsens\u00e4 k\u00e4sill\u00e4 olevaan hetkeen ja tekemiseen.<\/p>\n\n\n\n<figure class=\"wp-block-image size-thumbnail\"><img loading=\"lazy\" decoding=\"async\" width=\"150\" height=\"150\" src=\"https:\/\/www.kyhy.fi\/wp-content\/uploads\/2022\/04\/merja-150x150.jpg\" alt=\"\" class=\"wp-image-964\" srcset=\"https:\/\/www.kyhy.fi\/wp-content\/uploads\/2022\/04\/merja-150x150.jpg 150w, https:\/\/www.kyhy.fi\/wp-content\/uploads\/2022\/04\/merja-100x100.jpg 100w\" sizes=\"(max-width: 150px) 100vw, 150px\" \/><\/figure>\n\n\n\n<p><strong>Merja Heiskanen<\/strong><br>Taidetoiminnan ohjaaja, kuvataiteilija, sosionomi (AMK)<br>Puh. 050 3656339<br>merja.heiskanen@taidetoiminta.fi<br><a rel=\"noreferrer noopener\" href=\"http:\/\/www.taidetoiminta.fi\" data-type=\"URL\" data-id=\"www.taidetoiminta.fi\" target=\"_blank\">www.taidetoiminta.fi<\/a> <br>Imatra <\/p>\n","protected":false},"excerpt":{"rendered":"<p>Taidetoiminta sopii kaikille luovuudesta ja sen mahdollisuuksista kiinnostuneille. Kokemus onnistuneesta itseilmaisusta vahvistaa pystyvyyden tunnetta. N\u00e4in syntyy uusia merkityksi\u00e4 ja n\u00e4k\u00f6kulmia &hellip; <\/p>\n<p class=\"link-more\"><a href=\"https:\/\/www.kyhy.fi\/index.php\/merja-heiskanen\/\" class=\"more-link\">Continue reading<span class=\"screen-reader-text\"> &#8221;Merja Heiskanen&#8221;<\/span><\/a><\/p>\n","protected":false},"author":2,"featured_media":0,"parent":0,"menu_order":0,"comment_status":"closed","ping_status":"closed","template":"","meta":{"footnotes":""},"_links":{"self":[{"href":"https:\/\/www.kyhy.fi\/index.php\/wp-json\/wp\/v2\/pages\/960"}],"collection":[{"href":"https:\/\/www.kyhy.fi\/index.php\/wp-json\/wp\/v2\/pages"}],"about":[{"href":"https:\/\/www.kyhy.fi\/index.php\/wp-json\/wp\/v2\/types\/page"}],"author":[{"embeddable":true,"href":"https:\/\/www.kyhy.fi\/index.php\/wp-json\/wp\/v2\/users\/2"}],"replies":[{"embeddable":true,"href":"https:\/\/www.kyhy.fi\/index.php\/wp-json\/wp\/v2\/comments?post=960"}],"version-history":[{"count":4,"href":"https:\/\/www.kyhy.fi\/index.php\/wp-json\/wp\/v2\/pages\/960\/revisions"}],"predecessor-version":[{"id":1061,"href":"https:\/\/www.kyhy.fi\/index.php\/wp-json\/wp\/v2\/pages\/960\/revisions\/1061"}],"wp:attachment":[{"href":"https:\/\/www.kyhy.fi\/index.php\/wp-json\/wp\/v2\/media?parent=960"}],"curies":[{"name":"wp","href":"https:\/\/api.w.org\/{rel}","templated":true}]}}