{"id":97,"date":"2019-09-25T11:25:31","date_gmt":"2019-09-25T11:25:31","guid":{"rendered":"http:\/\/www.kyhy.fi\/?page_id=97"},"modified":"2022-04-21T16:30:41","modified_gmt":"2022-04-21T16:30:41","slug":"ministerien-suositukset","status":"publish","type":"page","link":"https:\/\/www.kyhy.fi\/index.php\/tietopankki\/ministerien-suositukset\/","title":{"rendered":"Ministerien suositukset"},"content":{"rendered":"\n<p>Joulukuussa 2018 ministerit Saarikko ja Terho antoivat <a rel=\"noreferrer noopener\" href=\"http:\/\/urn.fi\/URN:ISBN:978-952-263-599-0\" data-type=\"URL\" data-id=\"http:\/\/urn.fi\/URN:ISBN:978-952-263-599-0\" target=\"_blank\">suositukset<\/a>\u00a0taiteen ja kulttuurin saatavuuden ja saavutettavuuden parantamiseksi\u00a0sosiaali- ja terveydenhuollossa. <br><br>Suosituksella perhe- ja\u00a0peruspalveluministeri Annika Saarikko ja eurooppa-, kulttuuri- ja\u00a0urheiluministeri Sampo Terho linjaavat niit\u00e4 toimia, joilla edistet\u00e4\u00e4n\u00a0taiteen ja kulttuurin saatavuutta ja saavutettavuutta sosiaali- ja\u00a0terveydenhuollossa sek\u00e4 hyvinvoinnin ja terveyden edist\u00e4misess\u00e4\u00a0hallitusohjelman tavoitteiden mukaisesti. <\/p>\n","protected":false},"excerpt":{"rendered":"<p>Joulukuussa 2018 ministerit Saarikko ja Terho antoivat suositukset\u00a0taiteen ja kulttuurin saatavuuden ja saavutettavuuden parantamiseksi\u00a0sosiaali- ja terveydenhuollossa. Suosituksella perhe- ja\u00a0peruspalveluministeri Annika &hellip; <\/p>\n<p class=\"link-more\"><a href=\"https:\/\/www.kyhy.fi\/index.php\/tietopankki\/ministerien-suositukset\/\" class=\"more-link\">Continue reading<span class=\"screen-reader-text\"> &#8221;Ministerien suositukset&#8221;<\/span><\/a><\/p>\n","protected":false},"author":1,"featured_media":0,"parent":88,"menu_order":3,"comment_status":"closed","ping_status":"closed","template":"","meta":{"footnotes":""},"_links":{"self":[{"href":"https:\/\/www.kyhy.fi\/index.php\/wp-json\/wp\/v2\/pages\/97"}],"collection":[{"href":"https:\/\/www.kyhy.fi\/index.php\/wp-json\/wp\/v2\/pages"}],"about":[{"href":"https:\/\/www.kyhy.fi\/index.php\/wp-json\/wp\/v2\/types\/page"}],"author":[{"embeddable":true,"href":"https:\/\/www.kyhy.fi\/index.php\/wp-json\/wp\/v2\/users\/1"}],"replies":[{"embeddable":true,"href":"https:\/\/www.kyhy.fi\/index.php\/wp-json\/wp\/v2\/comments?post=97"}],"version-history":[{"count":5,"href":"https:\/\/www.kyhy.fi\/index.php\/wp-json\/wp\/v2\/pages\/97\/revisions"}],"predecessor-version":[{"id":1005,"href":"https:\/\/www.kyhy.fi\/index.php\/wp-json\/wp\/v2\/pages\/97\/revisions\/1005"}],"up":[{"embeddable":true,"href":"https:\/\/www.kyhy.fi\/index.php\/wp-json\/wp\/v2\/pages\/88"}],"wp:attachment":[{"href":"https:\/\/www.kyhy.fi\/index.php\/wp-json\/wp\/v2\/media?parent=97"}],"curies":[{"name":"wp","href":"https:\/\/api.w.org\/{rel}","templated":true}]}}