{"id":99,"date":"2019-09-25T11:25:50","date_gmt":"2019-09-25T11:25:50","guid":{"rendered":"http:\/\/www.kyhy.fi\/?page_id=99"},"modified":"2022-04-21T16:24:54","modified_gmt":"2022-04-21T16:24:54","slug":"sitran-kortit","status":"publish","type":"page","link":"https:\/\/www.kyhy.fi\/index.php\/tietopankki\/sitran-kortit\/","title":{"rendered":"Tietokortit"},"content":{"rendered":"\n<p>Taikusyd\u00e4n on yhteisty\u00f6ss\u00e4 Sitran kanssa julkaissut tietokortit taiteen ja kulttuurin vaikutuksista terveyteen ja sosiaaliseen\u00a0hyvinvointiin. <br><br>Kortit (PDF):<br><a aria-label=\"Taiteen ja kulttuurin vaikutukset terveyteen (avautuu uudessa v\u00e4lilehdess\u00e4)\" rel=\"noreferrer noopener\" href=\"http:\/\/www.kyhy.fi\/wp-content\/uploads\/2019\/09\/Taiteen-ja-kulttuurin-vaikutukset-terveyteen-tietokortti.pdf\" target=\"_blank\">Taiteen ja kulttuurin vaikutukset terveyteen<\/a><br><a aria-label=\"Taiteen ja kulttuurin vaikutukset sosiaaliseen hyvinvointiin (avautuu uudessa v\u00e4lilehdess\u00e4)\" rel=\"noreferrer noopener\" href=\"http:\/\/www.kyhy.fi\/wp-content\/uploads\/2019\/09\/Taiteen-ja-kulttuurin-vaikutukset-sosiaaliseen-hyvinvointiin-tietokortti.pdf\" target=\"_blank\">Taiteen ja kulttuurin vaikutukset sosiaaliseen hyvinvointiin<\/a><br><a aria-label=\"N\u00e4k\u00f6kulmia taiteen ja kulttuurin  talousvaikutuksiin (avautuu uudessa v\u00e4lilehdess\u00e4)\" rel=\"noreferrer noopener\" href=\"http:\/\/www.kyhy.fi\/wp-content\/uploads\/2020\/01\/N\u00e4k\u00f6kulmia-taiteen-ja-kulttuurin-TALOUSvaikutuksiin.pdf\" target=\"_blank\">N\u00e4k\u00f6kulmia taiteen ja kulttuurin  talousvaikutuksiin<\/a><br><a rel=\"noreferrer noopener\" href=\"https:\/\/taikusydan.turkuamk.fi\/uploads\/2021\/10\/d2ca3c95-tietokortti_1_2021_taide-nuorten-tulevaisuustaitojen-tukena.pdf\" data-type=\"URL\" data-id=\"https:\/\/taikusydan.turkuamk.fi\/uploads\/2021\/10\/d2ca3c95-tietokortti_1_2021_taide-nuorten-tulevaisuustaitojen-tukena.pdf\" target=\"_blank\">Taide nuorten tulevaisuustaitojen tukena<\/a><\/p>\n","protected":false},"excerpt":{"rendered":"<p>Taikusyd\u00e4n on yhteisty\u00f6ss\u00e4 Sitran kanssa julkaissut tietokortit taiteen ja kulttuurin vaikutuksista terveyteen ja sosiaaliseen\u00a0hyvinvointiin. Kortit (PDF):Taiteen ja kulttuurin vaikutukset terveyteenTaiteen &hellip; <\/p>\n<p class=\"link-more\"><a href=\"https:\/\/www.kyhy.fi\/index.php\/tietopankki\/sitran-kortit\/\" class=\"more-link\">Continue reading<span class=\"screen-reader-text\"> &#8221;Tietokortit&#8221;<\/span><\/a><\/p>\n","protected":false},"author":1,"featured_media":0,"parent":88,"menu_order":4,"comment_status":"closed","ping_status":"closed","template":"","meta":{"footnotes":""},"_links":{"self":[{"href":"https:\/\/www.kyhy.fi\/index.php\/wp-json\/wp\/v2\/pages\/99"}],"collection":[{"href":"https:\/\/www.kyhy.fi\/index.php\/wp-json\/wp\/v2\/pages"}],"about":[{"href":"https:\/\/www.kyhy.fi\/index.php\/wp-json\/wp\/v2\/types\/page"}],"author":[{"embeddable":true,"href":"https:\/\/www.kyhy.fi\/index.php\/wp-json\/wp\/v2\/users\/1"}],"replies":[{"embeddable":true,"href":"https:\/\/www.kyhy.fi\/index.php\/wp-json\/wp\/v2\/comments?post=99"}],"version-history":[{"count":12,"href":"https:\/\/www.kyhy.fi\/index.php\/wp-json\/wp\/v2\/pages\/99\/revisions"}],"predecessor-version":[{"id":1001,"href":"https:\/\/www.kyhy.fi\/index.php\/wp-json\/wp\/v2\/pages\/99\/revisions\/1001"}],"up":[{"embeddable":true,"href":"https:\/\/www.kyhy.fi\/index.php\/wp-json\/wp\/v2\/pages\/88"}],"wp:attachment":[{"href":"https:\/\/www.kyhy.fi\/index.php\/wp-json\/wp\/v2\/media?parent=99"}],"curies":[{"name":"wp","href":"https:\/\/api.w.org\/{rel}","templated":true}]}}